{"id":176,"date":"2023-04-11T18:24:48","date_gmt":"2023-04-11T16:24:48","guid":{"rendered":"https:\/\/ambsarajevo.esteri.it\/turismo\/"},"modified":"2024-10-18T10:26:28","modified_gmt":"2024-10-18T08:26:28","slug":"turismo","status":"publish","type":"page","link":"https:\/\/ambsarajevo.esteri.it\/bs\/italia-e-bosnia-erzegovina\/diplomazia-culturale\/turismo\/","title":{"rendered":"Turizam"},"content":{"rendered":"<p style=\"text-align: justify;\">Turisti\u010dki sektor Bosne i Hercegovine je u sna\u017enom procvatu. Osim \u0161to nudi \u0161irok spektar mogu\u0107nosti za one koji \u017eele posjetiti zemlju, historijsko, umjetni\u010dko i prirodno naslije\u0111e Bosne i Hercegovine nudi i interesantne mogu\u0107nosti ulaganja privrednim subjektima.<\/p>\n<p style=\"text-align: justify;\">Sa istorijsko-kulturne ta\u010dke gledi\u0161ta, i glavni centri zemlje &#8211; Sarajevo, Banja Luka, Mostar i Tuzla &#8211; i vi\u0161e ruralna podru\u010dja nude brojne mogu\u0107nosti da se uroni u <strong>lokalnu kulturu<\/strong> i divi isprepletenosti elemenata razli\u010ditih tradicija koje su se kroz vrijeme srele na ovoj teritoriji. Tokom godina, groblja sa srednjovjekovnim monumentalnim grobnicama (ste\u0107cima), most Mehmed Pa\u0161e Sokolovi\u0107a u Vi\u0161egradu i podru\u010dje anti\u010dkog grada oko <strong>mosta u Mostaru<\/strong> uvr\u0161tena su na listu UNESCO-ve ba\u0161tine. Ova potonja, uni\u0161tena tokom sukoba 1990-ih, obnovljena je zahvaljuju\u0107i ogromnom doprinosu me\u0111unarodnih donatora, posebno Italije, a 2002. godine posjetio je tada\u0161nji predsjednik Republike <strong>Carlo Azeglio Ciampi<\/strong>, koji je simboli\u010dno postavio prvi kamen rekonstrukcije.<\/p>\n<p style=\"text-align: justify;\">Bosna i Hercegovina tako\u0111er ima izuzetno bogato <strong>prirodno naslije\u0111e<\/strong> koje nudi alternativne mogu\u0107nosti smje\u0161taja, koje u posljednje vrijeme postaju sve atraktivnije i brzo se \u0161ire u svijetu \u2013 i zbog pandemije koja je nesumnjivo preoblikovala zahtjeve i navike putnika. U Bosni i Hercegovini postoji nekoliko parkova prirode, uklju\u010duju\u0107i Park Sutjeska, Park prirode Blidinje i Nacionalni park Una, vodopade &#8211; poput vodopada Kravice -pje\u0161a\u010dke rute &#8211; poput one du\u017e Via Dinarice &#8211; i rijeke sa kojih se pru\u017ea nezaboravan pogled i na kojima je mogu\u0107e i\u0107i na rafting \u2013 Neretva, Drina i Una. Upravo u cilju poticanja razvoja odr\u017eivog turizma i za\u0161tite prirodne i ekolo\u0161ke ba\u0161tine zemlje, Italijanska agencija za razvojnu saradnju (AICS) financira i provodi razli\u010dite inicijative.<\/p>\n","protected":false},"excerpt":{"rendered":"Turisti\u010dki sektor Bosne i Hercegovine je u sna\u017enom procvatu. Osim \u0161to nudi \u0161irok spektar mogu\u0107nosti za one koji \u017eele posjetiti zemlju, historijsko, umjetni\u010dko i prirodno naslije\u0111e Bosne i Hercegovine nudi i interesantne mogu\u0107nosti ulaganja privrednim subjektima. Sa istorijsko-kulturne ta\u010dke gledi\u0161ta, i glavni centri zemlje &#8211; Sarajevo, Banja Luka, Mostar i Tuzla &#8211; i vi\u0161e ruralna [&hellip;]","protected":false},"author":1,"featured_media":0,"parent":180,"menu_order":0,"comment_status":"closed","ping_status":"closed","template":"","meta":{"footnotes":""},"class_list":["post-176","page","type-page","status-publish","hentry"],"_links":{"self":[{"href":"https:\/\/ambsarajevo.esteri.it\/bs\/wp-json\/wp\/v2\/pages\/176","targetHints":{"allow":["GET"]}}],"collection":[{"href":"https:\/\/ambsarajevo.esteri.it\/bs\/wp-json\/wp\/v2\/pages"}],"about":[{"href":"https:\/\/ambsarajevo.esteri.it\/bs\/wp-json\/wp\/v2\/types\/page"}],"author":[{"embeddable":true,"href":"https:\/\/ambsarajevo.esteri.it\/bs\/wp-json\/wp\/v2\/users\/1"}],"replies":[{"embeddable":true,"href":"https:\/\/ambsarajevo.esteri.it\/bs\/wp-json\/wp\/v2\/comments?post=176"}],"version-history":[{"count":2,"href":"https:\/\/ambsarajevo.esteri.it\/bs\/wp-json\/wp\/v2\/pages\/176\/revisions"}],"predecessor-version":[{"id":4742,"href":"https:\/\/ambsarajevo.esteri.it\/bs\/wp-json\/wp\/v2\/pages\/176\/revisions\/4742"}],"up":[{"embeddable":true,"href":"https:\/\/ambsarajevo.esteri.it\/bs\/wp-json\/wp\/v2\/pages\/180"}],"wp:attachment":[{"href":"https:\/\/ambsarajevo.esteri.it\/bs\/wp-json\/wp\/v2\/media?parent=176"}],"curies":[{"name":"wp","href":"https:\/\/api.w.org\/{rel}","templated":true}]}}