{"id":175,"date":"2023-04-11T18:24:38","date_gmt":"2023-04-11T16:24:38","guid":{"rendered":"https:\/\/ambsarajevo.esteri.it\/studiare-in-italia\/"},"modified":"2024-10-17T16:20:51","modified_gmt":"2024-10-17T14:20:51","slug":"studiare-in-italia","status":"publish","type":"page","link":"https:\/\/ambsarajevo.esteri.it\/bs\/italia-e-bosnia-erzegovina\/diplomazia-culturale\/studiare-in-italia\/","title":{"rendered":"Studiranje u Italiji"},"content":{"rendered":"<p style=\"text-align: justify;\">Studiranje u Italiji je san za mnoge studente diljem svijeta. Svake godine, Ministarstvo za univerzitet i istra\u017eivanje (MUR) objavljuje pravila o procedurama upisa inostranih studenata na univerzitetske studije u Italiji: Ambasada je na raspolaganju za potrebnu asistenciju pri ispunjavanju uvjeta, predvi\u0111enih administrativnim procedurama. u slu\u010daju nejasno\u0107a, molimo vas da pi\u0161ete na mail adresu cultura.ambsarajevo@esteri.it.<\/p>\n<p style=\"text-align: justify;\">Za informacije o procedurama i kalendaru zasebnih proceduralnih faza upisa na italijanske univerzitete, akademije umjetnosti i konzervatorije, specijalisti\u010dke \u0161kole i na ostale visoko\u0161kolske studije, mogu biti konsultirani sljede\u0107i linkovi:<\/p>\n<p style=\"text-align: justify;\">&gt; Portal <a href=\"https:\/\/studyinitaly.esteri.it\/\">Study in Italy<\/a><\/p>\n<p style=\"text-align: justify;\">&gt; <a href=\"https:\/\/www.universitaly.it\/studenti-stranieri\">Procedure<\/a> koje propisuje MUR<\/p>\n<p style=\"text-align: justify;\">&gt; <a href=\"https:\/\/ambsarajevo.esteri.it\/bs\/italia-e-bosnia-erzegovina\/diplomazia-culturale\/studiare-in-italia\/equipollenza-titoli\/\">Priznavanje diploma i izjava o vrijednosti diplome<\/a><\/p>\n","protected":false},"excerpt":{"rendered":"Studiranje u Italiji je san za mnoge studente diljem svijeta. Svake godine, Ministarstvo za univerzitet i istra\u017eivanje (MUR) objavljuje pravila o procedurama upisa inostranih studenata na univerzitetske studije u Italiji: Ambasada je na raspolaganju za potrebnu asistenciju pri ispunjavanju uvjeta, predvi\u0111enih administrativnim procedurama. u slu\u010daju nejasno\u0107a, molimo vas da pi\u0161ete na mail adresu cultura.ambsarajevo@esteri.it. Za [&hellip;]","protected":false},"author":1,"featured_media":0,"parent":180,"menu_order":0,"comment_status":"closed","ping_status":"closed","template":"","meta":{"footnotes":""},"class_list":["post-175","page","type-page","status-publish","hentry"],"_links":{"self":[{"href":"https:\/\/ambsarajevo.esteri.it\/bs\/wp-json\/wp\/v2\/pages\/175","targetHints":{"allow":["GET"]}}],"collection":[{"href":"https:\/\/ambsarajevo.esteri.it\/bs\/wp-json\/wp\/v2\/pages"}],"about":[{"href":"https:\/\/ambsarajevo.esteri.it\/bs\/wp-json\/wp\/v2\/types\/page"}],"author":[{"embeddable":true,"href":"https:\/\/ambsarajevo.esteri.it\/bs\/wp-json\/wp\/v2\/users\/1"}],"replies":[{"embeddable":true,"href":"https:\/\/ambsarajevo.esteri.it\/bs\/wp-json\/wp\/v2\/comments?post=175"}],"version-history":[{"count":4,"href":"https:\/\/ambsarajevo.esteri.it\/bs\/wp-json\/wp\/v2\/pages\/175\/revisions"}],"predecessor-version":[{"id":4696,"href":"https:\/\/ambsarajevo.esteri.it\/bs\/wp-json\/wp\/v2\/pages\/175\/revisions\/4696"}],"up":[{"embeddable":true,"href":"https:\/\/ambsarajevo.esteri.it\/bs\/wp-json\/wp\/v2\/pages\/180"}],"wp:attachment":[{"href":"https:\/\/ambsarajevo.esteri.it\/bs\/wp-json\/wp\/v2\/media?parent=175"}],"curies":[{"name":"wp","href":"https:\/\/api.w.org\/{rel}","templated":true}]}}