{"id":171,"date":"2023-04-11T18:23:52","date_gmt":"2023-04-11T16:23:52","guid":{"rendered":"https:\/\/ambsarajevo.esteri.it\/fare-affari-nella-repubblica-ceca\/"},"modified":"2024-10-18T10:44:38","modified_gmt":"2024-10-18T08:44:38","slug":"fare-affari-in-bosnia-erzegovina","status":"publish","type":"page","link":"https:\/\/ambsarajevo.esteri.it\/bs\/italia-e-bosnia-erzegovina\/diplomazia-economica\/fare-affari-in-bosnia-erzegovina\/","title":{"rendered":"Poslovati u Bosni i Hercegovini"},"content":{"rendered":"<p style=\"text-align: justify;\">Italijanske kompanije prisutne na ovom podru\u010dju biraju Bosnu i Hercegovinu zbog raznih prednosti koje nudi. Prije svega finansijska i monetarna stabilnost zemlje koju osigurava <em>valutni odbor<\/em>. Bankarski sistem, zasnovan na me\u0111unarodnim standardima i principima, jedan je od najorganizovanijih i najrazvijenijih sektora u zemlji; od 23 komercijalne banke, 15 je u stranom vlasni\u0161tvu.<\/p>\n<p style=\"text-align: justify;\">Ostale karakteristike koje Bosnu i Hercegovinu \u010dine posebno privla\u010dnom za italijanske kompanije su povoljan geografski polo\u017eaj, blizina centralnoevropskih tr\u017ei\u0161ta, pristup veoma velikom broju potro\u0161a\u010da zahvaljuju\u0107i u\u010de\u0161\u0107u u raznim sporazumima o slobodnoj trgovini (CEFTA, EFTA i sporazum o slobodnoj trgovini sa Turskom) i o preferencijalnoj trgovini i istovremeno pristup kvalifikovanoj, ali jeftinoj radnoj snazi. Ostale prednosti koje nudi bosanskohercegova\u010dko tr\u017ei\u0161te odnose se na povoljan poreski re\u017eim uz nisko oporezivanje &#8211; stopa poreza na dodatu vrijednost (PDV) je jedinstvena i iznosi 17% &#8211; i mogu\u0107nost uspostavljanja &#8220;slobodnih zona&#8221;, gdje postoji potpuno osloba\u0111anje od carine i PDV za dobra i opremu koja se koristi u proizvodnji, neprimjenjivanje ograni\u010denja i privremenih mjera uvedenih dr\u017eavnim zakonom i osloba\u0111anje od poreza, sa izuzetkom oporezivanja rada i socijalnih doprinosa. Zakon o politici direktnih stranih ulaganja u Bosni i Hercegovini garantuje stranim investitorima isti tretman kao i doma\u0107im investitorima. Kona\u010dno, bosanskohercegova\u010dka teritorija nudi jeftinu energiju &#8211; zahvaljuju\u0107i obilju uglja i hidroelektri\u010dne energije &#8211; i dostupnosti prirodnih resursa.<\/p>\n<p style=\"text-align: justify;\">Me\u0111u sektorima koji tradicionalno pokre\u0107u lokalnu privredu su drvna (zemlju karakteri\u0161e prete\u017eno planinska i brdska teritorija, 53% pokrivena \u0161umama), metaloprera\u0111iva\u010dka i <em>automobilska<\/em> industrija, tekstil, obu\u0107a i poljoprivredno-prehrambeni sektor. Transverzalno kroz ove sektore, Bosna i Hercegovina je poduzela proces modernizacije proizvodnih pogona koji otvara \u0161irok spektar mogu\u0107nosti za kompanije koje izvoze ma\u0161ineriju i visoku tehnologiju. Ove prilike pronalaze prostor u kontekstu koji karakteri\u0161u decenije iskustva u ovim oblastima, solidnom reputacijom kao pouzdani dobavlja\u010di evropskih tr\u017ei\u0161ta, kao \u0161to je njema\u010dko ili italijansko tr\u017ei\u0161te, i dostupno\u0161\u0107u nedovoljno iskori\u0161\u0107enih resursa (prema FIPA-i, dobar dio poljoprivrednog zemlji\u0161ta ostaje neobra\u0111en). Ovi sektori tako\u0111er odgovaraju tradicionalnim vode\u0107im podru\u010djima proizvodnje <em>Made in Italy.<\/em><\/p>\n<p style=\"text-align: justify;\">Obe\u0107avaju\u0107i izgledi se razvijaju u energetskim sektorima, posebno u pogledu procesa dekarbonizacije i energetske tranzicije, \u017eivotne sredine, razvoja novih digitalnih tehnologija i zdravstvenog i biomedicinskog sektora. Ove mogu\u0107nosti se stavljaju, posebno, u kontekst planova za ja\u010danje energetske i putne infrastrukture, podr\u0161ke energetskom sektoru i zelene tranzicije koju nudi EU i procesa privatizacije razli\u010ditih sektora tercijarnog i poljoprivredno-prehrambenog sektora.<\/p>\n<p style=\"text-align: justify;\">Specifi\u010dnosti bosanskohercegova\u010dkog teritorija tako\u0111er pru\u017eaju mogu\u0107nosti u dva ni\u0161na sektora, kao \u0161to su prerada autohtonog ljekovitog bilja i proizvodnja i prerada sitnog vo\u0107a, poput maline.<\/p>\n<p style=\"text-align: justify;\">2021. godine osnovano je <strong>Udru\u017eenje italijanskih kompanija u Bosni i Hercegovini<\/strong> (AIIBH), udru\u017eenje po modelu privredne komore, \u010diji ciljevi uklju\u010duju promociju razmjena i kontakata izme\u0111u italijanskih kompanija prisutnih na teritoriji Bosne i Hercegovine i promociju saradnje sa lokalnim vlasti.<\/p>\n<p style=\"text-align: justify;\">Po\u010dev\u0161i od 2023. godine, Cassa Depositi e Prestiti (CDP) i SIMEST otvorili su vlastite kancelarije u Beogradu, tako\u0111e nadle\u017ene za Bosnu i Hercegovinu, stavljaju\u0107i na raspolaganje brojne alate za podr\u0161ku italijanskim kompanijama.<\/p>\n<p>KORISNI LINKOVI<\/p>\n<p>Plan rasta EU za zapadni Balkan:<a href=\"https:\/\/neighbourhood-enlargement.ec.europa.eu\/enlargement-policy\/new-growth-plan-western-balkans_en\"> https:\/\/neighbourhood-enlargement.ec.europa.eu\/enlargement-policy\/new-growth-plan-western-balkans_en<\/a><\/p>\n<p>Berlinski proces: <a href=\"https:\/\/www.berlinprocess.de\/\">https:\/\/www.berlinprocess.de\/<\/a><\/p>\n<p>Zajedni\u010dko regionalno tr\u017ei\u0161te:<a href=\"https:\/\/neighbourhood-enlargement.ec.europa.eu\/enlargement-policy\/policy-highlights\/common-regional-market_en\"> https:\/\/neighbourhood-enlargement.ec.europa.eu\/enlargement-policy\/policy-highlights\/common-regional-market_en<\/a><\/p>\n<p>&nbsp;<\/p>\n","protected":false},"excerpt":{"rendered":"Italijanske kompanije prisutne na ovom podru\u010dju biraju Bosnu i Hercegovinu zbog raznih prednosti koje nudi. Prije svega finansijska i monetarna stabilnost zemlje koju osigurava valutni odbor. Bankarski sistem, zasnovan na me\u0111unarodnim standardima i principima, jedan je od najorganizovanijih i najrazvijenijih sektora u zemlji; od 23 komercijalne banke, 15 je u stranom vlasni\u0161tvu. Ostale karakteristike koje [&hellip;]","protected":false},"author":1,"featured_media":0,"parent":183,"menu_order":0,"comment_status":"closed","ping_status":"closed","template":"","meta":{"footnotes":""},"class_list":["post-171","page","type-page","status-publish","hentry"],"_links":{"self":[{"href":"https:\/\/ambsarajevo.esteri.it\/bs\/wp-json\/wp\/v2\/pages\/171","targetHints":{"allow":["GET"]}}],"collection":[{"href":"https:\/\/ambsarajevo.esteri.it\/bs\/wp-json\/wp\/v2\/pages"}],"about":[{"href":"https:\/\/ambsarajevo.esteri.it\/bs\/wp-json\/wp\/v2\/types\/page"}],"author":[{"embeddable":true,"href":"https:\/\/ambsarajevo.esteri.it\/bs\/wp-json\/wp\/v2\/users\/1"}],"replies":[{"embeddable":true,"href":"https:\/\/ambsarajevo.esteri.it\/bs\/wp-json\/wp\/v2\/comments?post=171"}],"version-history":[{"count":4,"href":"https:\/\/ambsarajevo.esteri.it\/bs\/wp-json\/wp\/v2\/pages\/171\/revisions"}],"predecessor-version":[{"id":4750,"href":"https:\/\/ambsarajevo.esteri.it\/bs\/wp-json\/wp\/v2\/pages\/171\/revisions\/4750"}],"up":[{"embeddable":true,"href":"https:\/\/ambsarajevo.esteri.it\/bs\/wp-json\/wp\/v2\/pages\/183"}],"wp:attachment":[{"href":"https:\/\/ambsarajevo.esteri.it\/bs\/wp-json\/wp\/v2\/media?parent=171"}],"curies":[{"name":"wp","href":"https:\/\/api.w.org\/{rel}","templated":true}]}}