{"id":170,"date":"2023-04-11T18:24:01","date_gmt":"2023-04-11T16:24:01","guid":{"rendered":"https:\/\/ambsarajevo.esteri.it\/fare-affari-in-italia\/"},"modified":"2023-08-11T17:58:25","modified_gmt":"2023-08-11T15:58:25","slug":"fare-affari-in-italia","status":"publish","type":"page","link":"https:\/\/ambsarajevo.esteri.it\/bs\/italia-e-bosnia-erzegovina\/diplomazia-economica\/fare-affari-in-italia\/","title":{"rendered":"Poslovanje u Italiji"},"content":{"rendered":"<p>Italijanska privreda pokazala je izuzetnu otpornost na ekonomsku krizu vra\u0107aju\u0107i se na nivoe proizvodnje prije pandemije ve\u0107 krajem 2021. godine i, na osnovu ambiciozne agende strukturnih reformi koju je pokrenula Vlada, \u017eeli postati sve atraktivnija za strane investicije. Italija je osma najve\u0107a privreda na svijetu i druga po veli\u010dini proizvodna zemlja u Evropi, s BDP-om u 2022. od 1.909.154 miliona eura. Italija ima jedinstveno znanje u mnogim vode\u0107im sektorima, kao \u0161to su automobilska industrija, moda, dizajn i poljoprivredno-prehrambena industrija, i prednja\u010di u mnogim granama nauke, kao \u0161to su neuronauka, robotika, arheologija visoke tehnologije.<\/p>\n<p>Obim bosanskohercegova\u010dkog izvoza u Italiju dostigao je vrijednost od 1,02 milijarde eura u 2022. godini, u odnosu na 822 miliona zabilje\u017eenih na kraju 2021. godine. Ovo pove\u0107anje je u skladu s dugoro\u010dnijim trendom u kojem se vidi rast bh. izvoza u strane zemlje koji je nastavljen od 2010. godine &#8211; sa izuzetkom pada uo\u010denog 2020. godine usljed izbijanja pandemijske krize.<\/p>\n<p>Prema podacima Banke Italije, tok neto direktnih stranih investicija iz Bosne i Hercegovine u Italiju u 2021. godini, na koju se odnose posljednji dostupni kona\u010dni podaci, iznosi milion eura.<\/p>\n<p>Uzimaju\u0107i u obzir priliv SDI u posljednjih deset godina, nakon pada koji je uslijedio nakon vrhunca 2015. godine, od 2018. godine mo\u017ee se uo\u010diti novi porast koji je 2021. dostigao 8 miliona eura. Regulatorna aktivnost Italije posljednjih godina bila je u velikoj mjeri usmjerena na pobolj\u0161anje odnosa porez-poreski obveznik i na pojednostavljivanje poreskih obaveza. Kako bi se pove\u0107ala atraktivnost na\u0161e zemlje prema investitorima, uvedeni su i novi alati za <em>tax compliance<\/em> i <a href=\"https:\/\/www.ice.it\/en\/invest\/investment-incentives\" target=\"_blank\" rel=\"noopener\">poreski podsticaji<\/a>, posebno zahvaljuju\u0107i usvajanju <a href=\"https:\/\/www.ice.it\/en\/invest\/italia-domani-nrrp-0\" target=\"_blank\" rel=\"noopener\">Nacionalnog plana oporavka i otpornosti (PNRR)<\/a>.<\/p>\n<p>Smje\u0161tena u srcu Mediterana, Italija je klju\u010dno \u010dvori\u0161te za cestovne, pomorske i zra\u010dne veze izme\u0111u Evrope i Bliskog istoka i regije Sjeverne Afrike (MENA). Zahvaljuju\u0107i svojoj strate\u0161koj lokaciji, Italija predstavlja privilegovanu kapiju ka evropskom tr\u017ei\u0161tu i njenih 500 miliona stanovnika, kao i va\u017enu vezu izme\u0111u ju\u017ene Evrope i centralno-isto\u010dne Evrope.<\/p>\n<p>Ve\u0107 tridesetak godina Italija je druga najve\u0107a proizvodna ekonomija u Evropi i me\u0111u prvih deset na me\u0111unarodnom nivou. Kompanije koje investiraju u Italiji mogu ra\u010dunati na gustu mre\u017eu malih i srednjih preduze\u0107a i industrijskih okruga prisutnih u cijeloj zemlji i dobro pozicioniranih u me\u0111unarodnim lancima nabavke. Istra\u017eivanje i inovacije su \u0161iroko integrisane u industrijske procese, sa vrhuncima priznate izvrsnosti u razli\u010ditim sektorima prirodnih nauka (prvenstveno neuronauke), fizike i in\u017eenjerstva (na primer robotike), dru\u0161tvenih i humanisti\u010dkih nauka. Univerzitetski sistem u Italiji ima drevne korijene, dinami\u010dan je i odli\u010dnog kvaliteta, a uz visoku akademsku pripremu, cijena rada je relativno pristupa\u010dna u odnosu na druge zemlje u eurozoni.<\/p>\n<p>Portal <a href=\"https:\/\/www.ice.it\/en\/invest\/invest-italy\" target=\"_blank\" rel=\"noopener\">Invest in Italy<\/a> Agencije ICE pru\u017ea prakti\u010dne informacije o tome kako otvoriti kompaniju, zaposliti osoblje i prijaviti se za poticaje. Postoji i poseban portal posve\u0107en politikama podr\u0161ke investicijama u sektoru nekretnina (<a href=\"https:\/\/www.investinitalyrealestate.com\/en\/\" target=\"_blank\" rel=\"noopener\">Invest in Italy Real Estate<\/a>).<\/p>\n<p>Za strane kompanije koje \u017eele da zapo\u010dnu ili pro\u0161ire posao u na\u0161oj zemlji, agencija <a href=\"https:\/\/www.invitalia.it\/\" target=\"_blank\" rel=\"noopener\">Invitalia<\/a> stavlja na raspolaganje sveobuhvatan spektar informacija i usluga podr\u0161ke, od preliminarne faze do faze post-ustaljenja.<\/p>\n<p>Kona\u010dno, zakonskom \u00a0uredbom 133\/2014 (tzv. Uredba o deblokiranju Italije \u2013 \u010dl. 30) osnovan je Komitet za privla\u010denje stranih investicija <a href=\"https:\/\/www.mimit.gov.it\/it\/caie\" target=\"_blank\" rel=\"noopener\">Comitato Attrazione Investimenti Esteri<\/a> (CAIE) kojim predsjedava Ministarstvo za preduzetni\u0161tvo i Made in Italy, a sastavljen od predstavnika Ministarstva vanjskih poslova i me\u0111unarodne saradnje, Ministarstva ekonomije i finansija i Konferencije regiona i autonomnih pokrajina. CAIE ima dvostruku funkciju formulisanja prijedloga za pobolj\u0161anje atraktivnosti zemlje i investicione klime i pra\u0107enja konkretnih stranih investicionih projekata sa posebno velikim uticajem.<\/p>\n","protected":false},"excerpt":{"rendered":"Italijanska privreda pokazala je izuzetnu otpornost na ekonomsku krizu vra\u0107aju\u0107i se na nivoe proizvodnje prije pandemije ve\u0107 krajem 2021. godine i, na osnovu ambiciozne agende strukturnih reformi koju je pokrenula Vlada, \u017eeli postati sve atraktivnija za strane investicije. Italija je osma najve\u0107a privreda na svijetu i druga po veli\u010dini proizvodna zemlja u Evropi, s BDP-om [&hellip;]","protected":false},"author":1,"featured_media":0,"parent":183,"menu_order":1,"comment_status":"closed","ping_status":"closed","template":"","meta":{"footnotes":""},"class_list":["post-170","page","type-page","status-publish","hentry"],"_links":{"self":[{"href":"https:\/\/ambsarajevo.esteri.it\/bs\/wp-json\/wp\/v2\/pages\/170","targetHints":{"allow":["GET"]}}],"collection":[{"href":"https:\/\/ambsarajevo.esteri.it\/bs\/wp-json\/wp\/v2\/pages"}],"about":[{"href":"https:\/\/ambsarajevo.esteri.it\/bs\/wp-json\/wp\/v2\/types\/page"}],"author":[{"embeddable":true,"href":"https:\/\/ambsarajevo.esteri.it\/bs\/wp-json\/wp\/v2\/users\/1"}],"replies":[{"embeddable":true,"href":"https:\/\/ambsarajevo.esteri.it\/bs\/wp-json\/wp\/v2\/comments?post=170"}],"version-history":[{"count":0,"href":"https:\/\/ambsarajevo.esteri.it\/bs\/wp-json\/wp\/v2\/pages\/170\/revisions"}],"up":[{"embeddable":true,"href":"https:\/\/ambsarajevo.esteri.it\/bs\/wp-json\/wp\/v2\/pages\/183"}],"wp:attachment":[{"href":"https:\/\/ambsarajevo.esteri.it\/bs\/wp-json\/wp\/v2\/media?parent=170"}],"curies":[{"name":"wp","href":"https:\/\/api.w.org\/{rel}","templated":true}]}}