{"id":168,"date":"2023-07-14T10:07:08","date_gmt":"2023-07-14T08:07:08","guid":{"rendered":"https:\/\/ambsarajevo.esteri.it\/chi-siamo\/contatti\/"},"modified":"2024-10-14T12:32:46","modified_gmt":"2024-10-14T10:32:46","slug":"contatti","status":"publish","type":"page","link":"https:\/\/ambsarajevo.esteri.it\/bs\/chi-siamo\/contatti\/","title":{"rendered":"Odjeli"},"content":{"rendered":"<p><strong>Ambasada Italije u Sarajevu<\/strong><br \/>\n<strong>\u010cekalu\u0161a 39<\/strong><br \/>\n<strong>71000 Sarajevo<\/strong><br \/>\n<strong>Bosna i Hercegovina<\/strong><\/p>\n<p><iframe loading=\"lazy\" src=\"https:\/\/www.google.com\/maps\/embed?pb=!1m18!1m12!1m3!1d2876.674387142217!2d18.414195815114052!3d43.86257717911466!2m3!1f0!2f0!3f0!3m2!1i1024!2i768!4f13.1!3m3!1m2!1s0x4758c8d136ca553f%3A0xee7c70734c79d544!2sAmbasciata%20italiana!5e0!3m2!1sit!2sit!4v1641911425797!5m2!1sit!2sit\" width=\"400\" height=\"300\" allowfullscreen=\"allowfullscreen\" data-mce-fragment=\"1\"><\/iframe><\/p>\n<p><strong>Centrala<\/strong><br \/>\nRadno vrijeme: od ponedeljka do petka od 09:00 do 17:00h<br \/>\nTel. +387 33 565 450<br \/>\nFax. +387 33 659 368<br \/>\nE-mail: <a href=\"mailto:amb.sarajevo@esteri.it\">amb.sarajevo@esteri.it<\/a><br \/>\nPEC: <a href=\"amb.sarajevo@cert.esteri.it\">amb.sarajevo@cert.esteri.it<\/a><br \/>\nBroj mobitela za hitne slu\u010dajeve: +387 61130246<\/p>\n<p><strong>Sekretarijat \u0160efa misije i Politi\u010dki odjel<\/strong><br \/>\nTel. (<strong>Centrala<\/strong>)<br \/>\nFax. +387 33 659368<br \/>\nE-mail: <a href=\"mailto:segreteria.ambsarajevo@esteri.it\">segreteria.ambsarajevo@esteri.it<\/a><\/p>\n<p><strong>Administrativni odjel<\/strong><br \/>\nTel.(<strong>Centrala<\/strong>)<br \/>\nFax: +387 33 659368<br \/>\nE-mail: <a href=\"mailto:Sarajevo.contabilita@esteri.it\">sarajevo.contabilita@esteri.it<\/a><\/p>\n<p><strong>Odjel za \u0161tampu<\/strong><br \/>\nTel. (<strong>Centrala<\/strong>)<br \/>\nFax. +387 33 659368<br \/>\nE-mail: <a href=\"mailto:stampa.ambsarajevo@esteri.it\">stampa.ambsarajevo@esteri.it<\/a><\/p>\n<p><strong>Konzularni i vizni odjel<\/strong><br \/>\nRizaha \u0160teti\u0107a 4-6 (ulaz sa zadnje strane zgrade ambasade)<br \/>\nRad sa strankama: ponedeljak, srijeda i petak od 09:00 do 12:00h<br \/>\nTelefonske informacije: od ponedeljka do petka od 12:00 do 13:00h<br \/>\nTel. (<strong>Centrala<\/strong>); Fax +387 33 214879<br \/>\nE-mail (Konzularni odjel): <a href=\"mailto:consolare.ambsarajevo@esteri.it\">consolare.ambsarajevo@esteri.it<\/a><br \/>\nE-mail (Vizni odjel): <a href=\"mailto:visti.ambsarajevo@esteri.it\">visti.ambsarajevo@esteri.it<\/a><\/p>\n<p><strong>Odjel za kulturu<\/strong><br \/>\nRad sa strankama od ponedeljka do petka od 09:00 do 12:00h<br \/>\nZa telefonske informacije i zakazivanje sastanaka van vremena rada sa strankama:<br \/>\nTel. (<strong>Centrala<\/strong>)<br \/>\nFax. +387 33 659368<br \/>\nE-mail: <a href=\"mailto:culturale.ambsarajevo@esteri.it\">culturale.ambsarajevo@esteri.it<\/a><\/p>\n<p><strong>Komercijalni odjel<\/strong><br \/>\nRadno vrijeme: od ponedeljka do petka od 09:00 do 17:00h<br \/>\nTel: (<strong>Centrala<\/strong>)<br \/>\nEmail: <a href=\"mailto:commerciale.ambsarajevo@esteri.it\">commerciale.ambsarajevo@esteri.it<\/a><\/p>\n<p><strong>ICE &#8211; italijanski Institut za vanjsku trgovinu &#8211; odjel ambasade Italije za promociju ekonomsko-trgovinske razmjene i internacionalizaciju italijanskih poduze\u0107a<\/strong><br \/>\nTel. +387 33 276560<br \/>\nFax. +387 33 276565<br \/>\nE-mail: sarajevo@ice.it<br \/>\nWeb:<a href=\"https:\/\/www.ice.it\/it\/\" target=\"_blank\" rel=\"noopener\"> https:\/\/www.ice.it\/it\/<\/a><br \/>\nRadno vrijeme:<br \/>\nod ponedeljka do \u010detvrtka, 8.30 &#8211; 17.00 sati<br \/>\npetak 8.30 &#8211; 14.00 sati<\/p>\n<p><strong>Italijanska agencija za razvojnu saradnju (AICS)<\/strong><br \/>\n<strong>Regionalno sjedi\u0161te Tirana &#8211; Filijala Sarajevo<\/strong><br \/>\n\u010cekalu\u0161a 51<br \/>\n71000 Sarajevo<br \/>\nTelefon +387 33 560170<br \/>\nEmail:<a href=\"mailto:segreteria.sarajevo@aics.gov.it\"> segreteria.sarajevo@aics.gov.it<\/a><br \/>\n<a href=\"https:\/\/tirana.aics.gov.it\/\" target=\"_blank\" rel=\"noopener\">www.aicstirana.org<\/a><br \/>\nRadno vrijeme:<br \/>\nod ponedjeljka do petka, 9.00 &#8211; 17.00 sati<\/p>\n<p><strong>Nexus platforma (upravljanje kontaktima i zahtjevima za pomo\u0107 italijanskih kompanija u inostranstvu)<\/strong><\/p>\n<p>Putem Nexus platforme, kompanije \u0107e mo\u0107i slati ambasadi svoje zahtjeve za informacijama i\/ili pomo\u0107i popunjavanjem obrasca, u kojem \u0107e navesti, osim vrste tra\u017eene podr\u0161ke, i glavne podatke o kompaniji.<\/p>\n<p>Link sa obrascem za online zahtjev: <a href=\"https:\/\/nexus.esteri.it\/?sede=112\">https:\/\/nexus.esteri.it\/?sede=112<\/a><\/p>\n","protected":false},"excerpt":{"rendered":"Ambasada Italije u Sarajevu \u010cekalu\u0161a 39 71000 Sarajevo Bosna i Hercegovina Centrala Radno vrijeme: od ponedeljka do petka od 09:00 do 17:00h Tel. +387 33 565 450 Fax. +387 33 659 368 E-mail: amb.sarajevo@esteri.it PEC: amb.sarajevo@cert.esteri.it Broj mobitela za hitne slu\u010dajeve: +387 61130246 Sekretarijat \u0160efa misije i Politi\u010dki odjel Tel. (Centrala) Fax. +387 33 659368 [&hellip;]","protected":false},"author":1,"featured_media":0,"parent":133,"menu_order":4,"comment_status":"closed","ping_status":"closed","template":"","meta":{"footnotes":""},"class_list":["post-168","page","type-page","status-publish","hentry"],"_links":{"self":[{"href":"https:\/\/ambsarajevo.esteri.it\/bs\/wp-json\/wp\/v2\/pages\/168","targetHints":{"allow":["GET"]}}],"collection":[{"href":"https:\/\/ambsarajevo.esteri.it\/bs\/wp-json\/wp\/v2\/pages"}],"about":[{"href":"https:\/\/ambsarajevo.esteri.it\/bs\/wp-json\/wp\/v2\/types\/page"}],"author":[{"embeddable":true,"href":"https:\/\/ambsarajevo.esteri.it\/bs\/wp-json\/wp\/v2\/users\/1"}],"replies":[{"embeddable":true,"href":"https:\/\/ambsarajevo.esteri.it\/bs\/wp-json\/wp\/v2\/comments?post=168"}],"version-history":[{"count":6,"href":"https:\/\/ambsarajevo.esteri.it\/bs\/wp-json\/wp\/v2\/pages\/168\/revisions"}],"predecessor-version":[{"id":4664,"href":"https:\/\/ambsarajevo.esteri.it\/bs\/wp-json\/wp\/v2\/pages\/168\/revisions\/4664"}],"up":[{"embeddable":true,"href":"https:\/\/ambsarajevo.esteri.it\/bs\/wp-json\/wp\/v2\/pages\/133"}],"wp:attachment":[{"href":"https:\/\/ambsarajevo.esteri.it\/bs\/wp-json\/wp\/v2\/media?parent=168"}],"curies":[{"name":"wp","href":"https:\/\/api.w.org\/{rel}","templated":true}]}}