{"id":153,"date":"2023-04-11T17:08:52","date_gmt":"2023-04-11T15:08:52","guid":{"rendered":"https:\/\/ambsarajevo.esteri.it\/italia-e-bosnia-erzegovina\/"},"modified":"2023-08-17T17:26:59","modified_gmt":"2023-08-17T15:26:59","slug":"italia-e-bosnia-erzegovina","status":"publish","type":"page","link":"https:\/\/ambsarajevo.esteri.it\/bs\/italia-e-bosnia-erzegovina\/","title":{"rendered":"Italija i Bosna i Hercegovina"},"content":{"rendered":"<p>Veze izme\u0111u Italije i Bosne i Hercegovine <strong>su duge i jake<\/strong>. Neki podaci i zanimljivosti o povijesti na\u0161ih odnosa svjedo\u010de o njihovoj <strong>dinami\u010dnosti i bogatstvu<\/strong>.<\/p>\n<p>Bosanska kraljica Katarina Vuk\u010di\u0107 Kosa\u010da (1424.-1478.), supruga Stjepana Toma\u0161a, nakon prodora Osmanlija u kraljevstvo i atentata na tada\u0161njeg kralja Stjepana Toma\u0161evi\u0107a, sklonila se najprije u Ragusu (Dubrovnik), a potom u Rim gdje je dobila pomo\u0107 i gostoprimstvo Pape i po\u0161tovanje mje\u0161tana te je neprestano podupirala oslobo\u0111enja domovine.<\/p>\n<p>Nakon smrti 1478. pokopana je u crkvi Santa Maria in AraCoeli, gdje se i danas \u010duvaju njezini posmrtni ostaci.<\/p>\n<p>&nbsp;<\/p>\n<p>&nbsp;<\/p>\n<p style=\"text-align: center;\"><a href=\"https:\/\/ambsarajevo.esteri.it\/wp-content\/uploads\/2023\/07\/Regina-Vukcic-Kosaca.jpg\"><img loading=\"lazy\" decoding=\"async\" class=\"wp-image-345 img-fluid aligncenter\" src=\"https:\/\/ambsarajevo.esteri.it\/wp-content\/uploads\/2023\/07\/Regina-Vukcic-Kosaca-194x300.jpg\" alt=\"Regina Vuk\u010di\u0107 Kosa\u010da_Santa Maria in AraCoeli\" width=\"271\" height=\"419\" srcset=\"https:\/\/ambsarajevo.esteri.it\/wp-content\/uploads\/2023\/07\/Regina-Vukcic-Kosaca-194x300.jpg 194w, https:\/\/ambsarajevo.esteri.it\/wp-content\/uploads\/2023\/07\/Regina-Vukcic-Kosaca.jpg 490w\" sizes=\"auto, (max-width: 271px) 100vw, 271px\" \/><\/a><\/p>\n<p>&nbsp;<\/p>\n<p>Tijekom osmanske vladavine na Balkanu odnosi su rasli i ja\u010dali. Iz Dr\u017eavnog arhiva Venecije, na primjer, nedavno su se ponovno pojavili dokumentarni dokazi o sna\u017enoj vezi izme\u0111u Republike Venecije i predstavnika osmanskog carstva u Sarajevu: na primjer, u pismu iz 1625. godine du\u017ed Venecije se obratio Murteza-pa\u0161i u Sarajevu sa zahtjevom da se pove\u0107aju mogu\u0107nosti pristupa mleta\u010dkih trgovaca na bosanskohercegova\u010dko tr\u017ei\u0161te.<\/p>\n<p>&nbsp;<\/p>\n<p style=\"text-align: center;\"><a href=\"https:\/\/ambsarajevo.esteri.it\/wp-content\/uploads\/2023\/07\/Lettera-del-Doge-a-Murteza-Pasha3-300x169.jpg\"><img loading=\"lazy\" decoding=\"async\" class=\"aligncenter size-medium wp-image-353 img-fluid\" src=\"https:\/\/ambsarajevo.esteri.it\/wp-content\/uploads\/2023\/07\/Lettera-del-Doge-a-Murteza-Pasha3-300x169.jpg\" alt=\"\" width=\"300\" height=\"169\" srcset=\"https:\/\/ambsarajevo.esteri.it\/wp-content\/uploads\/2023\/07\/Lettera-del-Doge-a-Murteza-Pasha3-300x169.jpg 300w, https:\/\/ambsarajevo.esteri.it\/wp-content\/uploads\/2023\/07\/Lettera-del-Doge-a-Murteza-Pasha3-1024x576.jpg 1024w, https:\/\/ambsarajevo.esteri.it\/wp-content\/uploads\/2023\/07\/Lettera-del-Doge-a-Murteza-Pasha3-768x432.jpg 768w, https:\/\/ambsarajevo.esteri.it\/wp-content\/uploads\/2023\/07\/Lettera-del-Doge-a-Murteza-Pasha3.jpg 1194w\" sizes=\"auto, (max-width: 300px) 100vw, 300px\" \/><\/a><\/p>\n<p style=\"text-align: center;\"><a href=\"https:\/\/ambsarajevo.esteri.it\/wp-content\/uploads\/2023\/07\/Lettera-del-Doge-a-Murteza-Pasha2-300x161.jpg\"><img loading=\"lazy\" decoding=\"async\" class=\"aligncenter size-medium wp-image-352 img-fluid\" src=\"https:\/\/ambsarajevo.esteri.it\/wp-content\/uploads\/2023\/07\/Lettera-del-Doge-a-Murteza-Pasha2-300x161.jpg\" alt=\"\" width=\"300\" height=\"161\" srcset=\"https:\/\/ambsarajevo.esteri.it\/wp-content\/uploads\/2023\/07\/Lettera-del-Doge-a-Murteza-Pasha2-300x161.jpg 300w, https:\/\/ambsarajevo.esteri.it\/wp-content\/uploads\/2023\/07\/Lettera-del-Doge-a-Murteza-Pasha2-768x413.jpg 768w, https:\/\/ambsarajevo.esteri.it\/wp-content\/uploads\/2023\/07\/Lettera-del-Doge-a-Murteza-Pasha2.jpg 784w\" sizes=\"auto, (max-width: 300px) 100vw, 300px\" \/><\/a><\/p>\n<p style=\"text-align: center;\"><a href=\"https:\/\/ambsarajevo.esteri.it\/wp-content\/uploads\/2023\/07\/Lettera-del-Doge-a-Murteza-Pasha-300x169.jpg\"><img loading=\"lazy\" decoding=\"async\" class=\"aligncenter size-medium wp-image-351 img-fluid\" src=\"https:\/\/ambsarajevo.esteri.it\/wp-content\/uploads\/2023\/07\/Lettera-del-Doge-a-Murteza-Pasha-300x169.jpg\" alt=\"\" width=\"300\" height=\"169\" srcset=\"https:\/\/ambsarajevo.esteri.it\/wp-content\/uploads\/2023\/07\/Lettera-del-Doge-a-Murteza-Pasha-300x169.jpg 300w, https:\/\/ambsarajevo.esteri.it\/wp-content\/uploads\/2023\/07\/Lettera-del-Doge-a-Murteza-Pasha-768x432.jpg 768w, https:\/\/ambsarajevo.esteri.it\/wp-content\/uploads\/2023\/07\/Lettera-del-Doge-a-Murteza-Pasha.jpg 1017w\" sizes=\"auto, (max-width: 300px) 100vw, 300px\" \/><\/a><\/p>\n<p>&nbsp;<\/p>\n<p style=\"text-align: left;\">Prvo italijansko diplomatsko predstavni\u0161tvo na podru\u010dju Bosne i Hercegovine datira iz 1862. kada je kralj Vittorio Emanuele II \u2013 samo godinu dana nakon osamostaljenja Kraljevine Italije \u2013 odlu\u010dio osnovati prvi generalni konzulat Kraljevine Italije u Sarajevu.<\/p>\n<p>&nbsp;<\/p>\n<p style=\"text-align: center;\"><a href=\"https:\/\/ambsarajevo.esteri.it\/wp-content\/uploads\/2023\/07\/Vittorio-Emanuele-II_primo-consolato-654x1024.png\"><img loading=\"lazy\" decoding=\"async\" class=\"aligncenter wp-image-354 img-fluid\" src=\"https:\/\/ambsarajevo.esteri.it\/wp-content\/uploads\/2023\/07\/Vittorio-Emanuele-II_primo-consolato-191x300.png\" alt=\"\" width=\"240\" height=\"377\" srcset=\"https:\/\/ambsarajevo.esteri.it\/wp-content\/uploads\/2023\/07\/Vittorio-Emanuele-II_primo-consolato-191x300.png 191w, https:\/\/ambsarajevo.esteri.it\/wp-content\/uploads\/2023\/07\/Vittorio-Emanuele-II_primo-consolato-654x1024.png 654w, https:\/\/ambsarajevo.esteri.it\/wp-content\/uploads\/2023\/07\/Vittorio-Emanuele-II_primo-consolato-768x1203.png 768w, https:\/\/ambsarajevo.esteri.it\/wp-content\/uploads\/2023\/07\/Vittorio-Emanuele-II_primo-consolato.png 1237w\" sizes=\"auto, (max-width: 240px) 100vw, 240px\" \/><\/a><\/p>\n<p>&nbsp;<\/p>\n<p>Za vrijeme habsbur\u0161ke vladavine Bosnom i Hercegovinom, zbog velike gladi, nekoliko zajednica iz Trentina je premje\u0161teno iz Carstva u bosanske pokrajine krajem 19. stolje\u0107a. I danas u raznim krajevima Bosne i Hercegovine \u017eive zajednice gra\u0111ana italijanskog porijekla, posebno onih iz Trentina, koje su dale veliki doprinos razvoju i rastu BiH.<\/p>\n<p>&nbsp;<\/p>\n<p style=\"text-align: center;\"><a href=\"https:\/\/ambsarajevo.esteri.it\/wp-content\/uploads\/2023\/07\/Comunita-trentine-in-BiH.png\"><img loading=\"lazy\" decoding=\"async\" class=\"aligncenter wp-image-355 img-fluid\" src=\"https:\/\/ambsarajevo.esteri.it\/wp-content\/uploads\/2023\/07\/Comunita-trentine-in-BiH-300x195.png\" alt=\"\" width=\"358\" height=\"233\" srcset=\"https:\/\/ambsarajevo.esteri.it\/wp-content\/uploads\/2023\/07\/Comunita-trentine-in-BiH-300x195.png 300w, https:\/\/ambsarajevo.esteri.it\/wp-content\/uploads\/2023\/07\/Comunita-trentine-in-BiH.png 474w\" sizes=\"auto, (max-width: 358px) 100vw, 358px\" \/><\/a><\/p>\n<p>&nbsp;<\/p>\n<p>I tijekom jugoslavenskog razdoblja veze izme\u0111u Italije i Bosne i Hercegovine ostale su jake. Posebno podsje\u0107amo na povijesnu posjetu Sarajevu tada\u0161njeg predsjednika Republike Sandra Pertinija u oktobru 1979. Raif Dizdarevi\u0107, prvi bo\u0161nja\u010dki predsjednik Predsjedni\u0161tva Jugoslavije, priznao je da je bio dirnut jer su grupe mladih u znak prijateljstva uzvikivale &#8220;\u017divio Sandro&#8221;. \u201cMi smo u zemlji drevne kulture i civilizacije\u201d, izjavio je tom prilikom Pertini.<\/p>\n<p>&nbsp;<\/p>\n<p style=\"text-align: center;\"><a href=\"https:\/\/ambsarajevo.esteri.it\/wp-content\/uploads\/2023\/07\/Pertini-a-Sarajevo-4-300x300.jpg\"><img loading=\"lazy\" decoding=\"async\" class=\"aligncenter size-medium wp-image-364 img-fluid\" src=\"https:\/\/ambsarajevo.esteri.it\/wp-content\/uploads\/2023\/07\/Pertini-a-Sarajevo-4-300x300.jpg\" alt=\"\" width=\"300\" height=\"300\" srcset=\"https:\/\/ambsarajevo.esteri.it\/wp-content\/uploads\/2023\/07\/Pertini-a-Sarajevo-4-300x300.jpg 300w, https:\/\/ambsarajevo.esteri.it\/wp-content\/uploads\/2023\/07\/Pertini-a-Sarajevo-4-1024x1024.jpg 1024w, https:\/\/ambsarajevo.esteri.it\/wp-content\/uploads\/2023\/07\/Pertini-a-Sarajevo-4-150x150.jpg 150w, https:\/\/ambsarajevo.esteri.it\/wp-content\/uploads\/2023\/07\/Pertini-a-Sarajevo-4-768x768.jpg 768w, https:\/\/ambsarajevo.esteri.it\/wp-content\/uploads\/2023\/07\/Pertini-a-Sarajevo-4.jpg 1080w\" sizes=\"auto, (max-width: 300px) 100vw, 300px\" \/><\/a><\/p>\n<p style=\"text-align: center;\"><a href=\"https:\/\/ambsarajevo.esteri.it\/wp-content\/uploads\/2023\/07\/Pertini-a-Sarajevo-300x300.jpg\"><img loading=\"lazy\" decoding=\"async\" class=\"aligncenter size-medium wp-image-356 img-fluid\" src=\"https:\/\/ambsarajevo.esteri.it\/wp-content\/uploads\/2023\/07\/Pertini-a-Sarajevo-300x300.jpg\" alt=\"\" width=\"300\" height=\"300\" srcset=\"https:\/\/ambsarajevo.esteri.it\/wp-content\/uploads\/2023\/07\/Pertini-a-Sarajevo-300x300.jpg 300w, https:\/\/ambsarajevo.esteri.it\/wp-content\/uploads\/2023\/07\/Pertini-a-Sarajevo-1024x1024.jpg 1024w, https:\/\/ambsarajevo.esteri.it\/wp-content\/uploads\/2023\/07\/Pertini-a-Sarajevo-150x150.jpg 150w, https:\/\/ambsarajevo.esteri.it\/wp-content\/uploads\/2023\/07\/Pertini-a-Sarajevo-768x768.jpg 768w, https:\/\/ambsarajevo.esteri.it\/wp-content\/uploads\/2023\/07\/Pertini-a-Sarajevo.jpg 1080w\" sizes=\"auto, (max-width: 300px) 100vw, 300px\" \/><\/a><\/p>\n<p style=\"text-align: center;\"><a href=\"https:\/\/ambsarajevo.esteri.it\/wp-content\/uploads\/2023\/07\/Pertini-a-Sarajevo-2-300x300.jpg\"><img loading=\"lazy\" decoding=\"async\" class=\"aligncenter size-medium wp-image-357 img-fluid\" src=\"https:\/\/ambsarajevo.esteri.it\/wp-content\/uploads\/2023\/07\/Pertini-a-Sarajevo-2-300x300.jpg\" alt=\"\" width=\"300\" height=\"300\" srcset=\"https:\/\/ambsarajevo.esteri.it\/wp-content\/uploads\/2023\/07\/Pertini-a-Sarajevo-2-300x300.jpg 300w, https:\/\/ambsarajevo.esteri.it\/wp-content\/uploads\/2023\/07\/Pertini-a-Sarajevo-2-1024x1024.jpg 1024w, https:\/\/ambsarajevo.esteri.it\/wp-content\/uploads\/2023\/07\/Pertini-a-Sarajevo-2-150x150.jpg 150w, https:\/\/ambsarajevo.esteri.it\/wp-content\/uploads\/2023\/07\/Pertini-a-Sarajevo-2-768x768.jpg 768w, https:\/\/ambsarajevo.esteri.it\/wp-content\/uploads\/2023\/07\/Pertini-a-Sarajevo-2.jpg 1080w\" sizes=\"auto, (max-width: 300px) 100vw, 300px\" \/><\/a><\/p>\n<p>&nbsp;<\/p>\n<p>Sukob devedesetih godina, usprkos svojoj tragi\u010dnosti, bio je element daljnjeg ja\u010danja veza izme\u0111u Italije i Bosne i Hercegovine, a posebno izme\u0111u njihovih civilnih dru\u0161tava. Vrijedan spomena je poznati &#8220;mar\u0161 500&#8221;, nenasilna inicijativa italijanskih pacifista koji su iz Ankone oti\u0161li u Sarajevo kako bi osudili apsurdnost rata i demonstrirali za prekid sukoba. Sli\u010dna inicijativa (&#8220;Mir sada&#8221;: &#8220;Pace adesso&#8221;) se odr\u017eala i sljede\u0107e godine, a u njoj su sudjelovali\u00a0 mnogi aktivisti anga\u017eirani u inicijativama solidarnosti sa zajednicama diljem teritorija Bosne i Hercegovine.<\/p>\n<p>Italija se anga\u017eirala u do tada nepoznatim oblicima i razmjerima, kroz humanitarne inicijative i aktivnosti vrlo \u0161irokog spektra. Prihvat bosansko-hercegova\u010dkih izbjeglica bio je samo dio ove pomo\u0107i: i dan danas desetine djece svake godine odlaze u Italiju kroz programe prihvata koji su nastali tijekom sukoba devedesetih i nastavljeni tijekom godina kao oblik razmjene studenata i mladih. Istovremeno sve je ve\u0107e u\u010de\u0161\u0107e italijanskih studenata u razmjenama mladih u Bosni i Hercegovini.<\/p>\n<p>Solidarnost je bila toliko \u0161iroka da ju je bilo nu\u017eno sistematizirati u strukturirani sustav odnosa: radi se o poznatom \u201eAtlasu\u201c decentralizirane suradnje izme\u0111u Italije i BiH koji je nastao devedesetih godina, a \u010diji se pozitivni u\u010dinci bilje\u017ee i danas, \u0161to dokazuje kontinuirano postojanje protokola o partnerstvu i bratimljenju izme\u0111u raznih italijanskih i bosanskohercegova\u010dkih administrativnih struktura. Kao za primjer mo\u017eemo uzeti suradnju izme\u0111u regije Pijemonte i Zeni\u010dko-dobojskog kantona, koja se formalizirala nedavno obnovljenim memorandumom o suradnji.<\/p>\n<p>&nbsp;<\/p>\n<p style=\"text-align: left;\"><a href=\"https:\/\/ambsarajevo.esteri.it\/wp-content\/uploads\/2023\/07\/Atlante-di-cooperazione-decentrata-1024x786.jpg\"><img loading=\"lazy\" decoding=\"async\" class=\"aligncenter wp-image-359 img-fluid\" src=\"https:\/\/ambsarajevo.esteri.it\/wp-content\/uploads\/2023\/07\/Atlante-di-cooperazione-decentrata-300x230.jpg\" alt=\"\" width=\"618\" height=\"473\" srcset=\"https:\/\/ambsarajevo.esteri.it\/wp-content\/uploads\/2023\/07\/Atlante-di-cooperazione-decentrata-300x230.jpg 300w, https:\/\/ambsarajevo.esteri.it\/wp-content\/uploads\/2023\/07\/Atlante-di-cooperazione-decentrata-1024x786.jpg 1024w\" sizes=\"auto, (max-width: 618px) 100vw, 618px\" \/><\/a>Osim suradnje, s vremenom su rasli i ja\u010dali politi\u010dki i diplomatski odnosi. Prva posjeta italijanskog predsjednika\u00a0 Bosni i Hercegovini je bila posjeta tada\u0161njeg predsjednika Republike Oscara Luigija Scalfara, u julu 1998.<\/p>\n<p>&nbsp;<\/p>\n<p style=\"text-align: center;\"><a href=\"https:\/\/ambsarajevo.esteri.it\/wp-content\/uploads\/2023\/07\/Scalfaro-in-BiH.jpg\"><img loading=\"lazy\" decoding=\"async\" class=\"aligncenter wp-image-367 img-fluid\" src=\"https:\/\/ambsarajevo.esteri.it\/wp-content\/uploads\/2023\/07\/Scalfaro-in-BiH-300x201.jpg\" alt=\"\" width=\"422\" height=\"283\" srcset=\"https:\/\/ambsarajevo.esteri.it\/wp-content\/uploads\/2023\/07\/Scalfaro-in-BiH-300x201.jpg 300w, https:\/\/ambsarajevo.esteri.it\/wp-content\/uploads\/2023\/07\/Scalfaro-in-BiH.jpg 569w\" sizes=\"auto, (max-width: 422px) 100vw, 422px\" \/><\/a><\/p>\n<p>&nbsp;<\/p>\n<p>Nakon toga, 2002., uslijedila je posjeta predsjednika Carla Azeglia Ciampija, koji je posjetio Mostar, gdje je polo\u017eio prvi kamen za obnovu poru\u0161enog starog gradskog mosta (koji je obnovljen zahvaljuju\u0107i velikom doprinosu me\u0111unarodnih donatora, a posebno Italije) i Sarajevo.<\/p>\n<p>&nbsp;<\/p>\n<p style=\"text-align: center;\"><a href=\"https:\/\/ambsarajevo.esteri.it\/wp-content\/uploads\/2023\/07\/Ciampi-a-Mostar.png\"><img loading=\"lazy\" decoding=\"async\" class=\"aligncenter wp-image-374 img-fluid\" src=\"https:\/\/ambsarajevo.esteri.it\/wp-content\/uploads\/2023\/07\/Ciampi-a-Mostar-300x226.png\" alt=\"\" width=\"387\" height=\"292\" srcset=\"https:\/\/ambsarajevo.esteri.it\/wp-content\/uploads\/2023\/07\/Ciampi-a-Mostar-300x226.png 300w, https:\/\/ambsarajevo.esteri.it\/wp-content\/uploads\/2023\/07\/Ciampi-a-Mostar.png 663w\" sizes=\"auto, (max-width: 387px) 100vw, 387px\" \/><\/a><\/p>\n<p style=\"text-align: center;\"><a href=\"https:\/\/ambsarajevo.esteri.it\/wp-content\/uploads\/2023\/07\/Ciampi-a-Mostar-2.png\"><img loading=\"lazy\" decoding=\"async\" class=\"aligncenter wp-image-375 img-fluid\" src=\"https:\/\/ambsarajevo.esteri.it\/wp-content\/uploads\/2023\/07\/Ciampi-a-Mostar-2-300x208.png\" alt=\"\" width=\"385\" height=\"267\" srcset=\"https:\/\/ambsarajevo.esteri.it\/wp-content\/uploads\/2023\/07\/Ciampi-a-Mostar-2-300x208.png 300w, https:\/\/ambsarajevo.esteri.it\/wp-content\/uploads\/2023\/07\/Ciampi-a-Mostar-2.png 425w\" sizes=\"auto, (max-width: 385px) 100vw, 385px\" \/><\/a><\/p>\n<p>&nbsp;<\/p>\n<p>Posljednji posjet predsjednika Republike Italije Bosni i Hercegovini je bio u maju 2016. povodom Plenarnog sastanka Samita Procesa Brdo-Brioni koji je odr\u017ean u Sarajevu: predsjednik Republike Sergio Mattarella tada se susreo s tro\u010dlanim Predsjedni\u0161tvom BiH, italijanskim vojnim kontingentom u misiji EUFOR-a \/ Althea i posjetio je zbirku suvremene umjetnosti &#8220;ARS AEVI&#8221;, koja je oduvijek bila jedan od zna\u010dajnijih izraza dinami\u010dne kulturne suradnje izme\u0111u Italije i Bosne i Hercegovine.<\/p>\n<p>&nbsp;<\/p>\n<p style=\"text-align: center;\"><a href=\"https:\/\/ambsarajevo.esteri.it\/wp-content\/uploads\/2023\/07\/Vertice-del-Processo-di-Brdo-Brioni_Mattarella-768x512.jpg\"><img loading=\"lazy\" decoding=\"async\" class=\"aligncenter wp-image-376 img-fluid\" src=\"https:\/\/ambsarajevo.esteri.it\/wp-content\/uploads\/2023\/07\/Vertice-del-Processo-di-Brdo-Brioni_Mattarella-300x200.jpg\" alt=\"\" width=\"416\" height=\"278\" srcset=\"https:\/\/ambsarajevo.esteri.it\/wp-content\/uploads\/2023\/07\/Vertice-del-Processo-di-Brdo-Brioni_Mattarella-300x200.jpg 300w, https:\/\/ambsarajevo.esteri.it\/wp-content\/uploads\/2023\/07\/Vertice-del-Processo-di-Brdo-Brioni_Mattarella-1024x683.jpg 1024w, https:\/\/ambsarajevo.esteri.it\/wp-content\/uploads\/2023\/07\/Vertice-del-Processo-di-Brdo-Brioni_Mattarella-768x512.jpg 768w, https:\/\/ambsarajevo.esteri.it\/wp-content\/uploads\/2023\/07\/Vertice-del-Processo-di-Brdo-Brioni_Mattarella.jpg 1473w\" sizes=\"auto, (max-width: 416px) 100vw, 416px\" \/><\/a><\/p>\n<p style=\"text-align: center;\"><a href=\"https:\/\/ambsarajevo.esteri.it\/wp-content\/uploads\/2023\/07\/Mattarella-a-Sarajevo-768x512.jpg\"><img loading=\"lazy\" decoding=\"async\" class=\"aligncenter wp-image-377 img-fluid\" src=\"https:\/\/ambsarajevo.esteri.it\/wp-content\/uploads\/2023\/07\/Mattarella-a-Sarajevo-300x200.jpg\" alt=\"\" width=\"415\" height=\"276\" srcset=\"https:\/\/ambsarajevo.esteri.it\/wp-content\/uploads\/2023\/07\/Mattarella-a-Sarajevo-300x200.jpg 300w, https:\/\/ambsarajevo.esteri.it\/wp-content\/uploads\/2023\/07\/Mattarella-a-Sarajevo-1024x683.jpg 1024w, https:\/\/ambsarajevo.esteri.it\/wp-content\/uploads\/2023\/07\/Mattarella-a-Sarajevo-768x512.jpg 768w, https:\/\/ambsarajevo.esteri.it\/wp-content\/uploads\/2023\/07\/Mattarella-a-Sarajevo.jpg 1473w\" sizes=\"auto, (max-width: 415px) 100vw, 415px\" \/><\/a><\/p>\n<p style=\"text-align: center;\"><a href=\"https:\/\/ambsarajevo.esteri.it\/wp-content\/uploads\/2023\/07\/Mattarella-a-Sarajevo-2-768x511.jpg\"><img loading=\"lazy\" decoding=\"async\" class=\"aligncenter wp-image-378 img-fluid\" src=\"https:\/\/ambsarajevo.esteri.it\/wp-content\/uploads\/2023\/07\/Mattarella-a-Sarajevo-2-300x200.jpg\" alt=\"\" width=\"419\" height=\"279\" srcset=\"https:\/\/ambsarajevo.esteri.it\/wp-content\/uploads\/2023\/07\/Mattarella-a-Sarajevo-2-300x200.jpg 300w, https:\/\/ambsarajevo.esteri.it\/wp-content\/uploads\/2023\/07\/Mattarella-a-Sarajevo-2-1024x682.jpg 1024w, https:\/\/ambsarajevo.esteri.it\/wp-content\/uploads\/2023\/07\/Mattarella-a-Sarajevo-2-768x511.jpg 768w, https:\/\/ambsarajevo.esteri.it\/wp-content\/uploads\/2023\/07\/Mattarella-a-Sarajevo-2.jpg 1475w\" sizes=\"auto, (max-width: 419px) 100vw, 419px\" \/><\/a><\/p>\n<p>&nbsp;<\/p>\n<p>Tijekom godina \u010deste su bile posjete na razini ministara vanjskih poslova. Italijanski ministar vanjskih poslova i me\u0111unarodne suradnje, Antonio Tajani, bio je u slu\u017ebenoj posjeti u Sarajevu zajedno sa svojim austrijskim kolegom u martu 2023., a ministar vanjskih poslova Bosne i Hercegovine, Elmedin Konakovi\u0107, oti\u0161ao je sljede\u0107eg mjeseca u Rim kako bi sudjelovao na summitu ministara vanjskih poslova zemalja Zapadnog Balkana u organizaciji italijanske vlade.<\/p>\n<p>&nbsp;<\/p>\n<p class=\"wp-image-379 img-fluid aligncenter\" style=\"text-align: center;\"><a href=\"https:\/\/ambsarajevo.esteri.it\/wp-content\/uploads\/2023\/07\/Vertice-dei-Ministri-degli-Esteri-dei-Paesi-dei-Balcani-occidentali-768x549.jpg\"><img loading=\"lazy\" decoding=\"async\" class=\"img-fluid aligncenter wp-image-379 size-large\" src=\"https:\/\/ambsarajevo.esteri.it\/wp-content\/uploads\/2023\/07\/Vertice-dei-Ministri-degli-Esteri-dei-Paesi-dei-Balcani-occidentali-1024x732.jpg\" alt=\"\" width=\"640\" height=\"458\" srcset=\"https:\/\/ambsarajevo.esteri.it\/wp-content\/uploads\/2023\/07\/Vertice-dei-Ministri-degli-Esteri-dei-Paesi-dei-Balcani-occidentali-1024x732.jpg 1024w, https:\/\/ambsarajevo.esteri.it\/wp-content\/uploads\/2023\/07\/Vertice-dei-Ministri-degli-Esteri-dei-Paesi-dei-Balcani-occidentali-300x215.jpg 300w, https:\/\/ambsarajevo.esteri.it\/wp-content\/uploads\/2023\/07\/Vertice-dei-Ministri-degli-Esteri-dei-Paesi-dei-Balcani-occidentali-768x549.jpg 768w, https:\/\/ambsarajevo.esteri.it\/wp-content\/uploads\/2023\/07\/Vertice-dei-Ministri-degli-Esteri-dei-Paesi-dei-Balcani-occidentali.jpg 1200w\" sizes=\"auto, (max-width: 640px) 100vw, 640px\" \/><\/a><\/p>\n<p style=\"text-align: center;\"><a href=\"https:\/\/ambsarajevo.esteri.it\/wp-content\/uploads\/2023\/07\/Vertice-dei-Ministri-degli-Esteri-dei-Paesi-dei-Balcani-occidentali-2.jpg\"><img loading=\"lazy\" decoding=\"async\" class=\"img-fluid aligncenter wp-image-380 size-full\" src=\"https:\/\/ambsarajevo.esteri.it\/wp-content\/uploads\/2023\/07\/Vertice-dei-Ministri-degli-Esteri-dei-Paesi-dei-Balcani-occidentali-2.jpg\" alt=\"\" width=\"864\" height=\"488\" srcset=\"https:\/\/ambsarajevo.esteri.it\/wp-content\/uploads\/2023\/07\/Vertice-dei-Ministri-degli-Esteri-dei-Paesi-dei-Balcani-occidentali-2.jpg 864w, https:\/\/ambsarajevo.esteri.it\/wp-content\/uploads\/2023\/07\/Vertice-dei-Ministri-degli-Esteri-dei-Paesi-dei-Balcani-occidentali-2-300x169.jpg 300w, https:\/\/ambsarajevo.esteri.it\/wp-content\/uploads\/2023\/07\/Vertice-dei-Ministri-degli-Esteri-dei-Paesi-dei-Balcani-occidentali-2-768x434.jpg 768w\" sizes=\"auto, (max-width: 864px) 100vw, 864px\" \/><\/a><\/p>\n<p>Bilateralni odnosi izme\u0111u Italije i Bosne i Hercegovine danas su bogati i dinami\u010dni, a karakteriziraju ih razmjene na svim razinama i u svim sektorima.<\/p>\n<p>&nbsp;<\/p>\n","protected":false},"excerpt":{"rendered":"Veze izme\u0111u Italije i Bosne i Hercegovine su duge i jake. Neki podaci i zanimljivosti o povijesti na\u0161ih odnosa svjedo\u010de o njihovoj dinami\u010dnosti i bogatstvu. Bosanska kraljica Katarina Vuk\u010di\u0107 Kosa\u010da (1424.-1478.), supruga Stjepana Toma\u0161a, nakon prodora Osmanlija u kraljevstvo i atentata na tada\u0161njeg kralja Stjepana Toma\u0161evi\u0107a, sklonila se najprije u Ragusu (Dubrovnik), a potom u [&hellip;]","protected":false},"author":1,"featured_media":0,"parent":0,"menu_order":4,"comment_status":"closed","ping_status":"closed","template":"","meta":{"footnotes":""},"class_list":["post-153","page","type-page","status-publish","hentry"],"_links":{"self":[{"href":"https:\/\/ambsarajevo.esteri.it\/bs\/wp-json\/wp\/v2\/pages\/153","targetHints":{"allow":["GET"]}}],"collection":[{"href":"https:\/\/ambsarajevo.esteri.it\/bs\/wp-json\/wp\/v2\/pages"}],"about":[{"href":"https:\/\/ambsarajevo.esteri.it\/bs\/wp-json\/wp\/v2\/types\/page"}],"author":[{"embeddable":true,"href":"https:\/\/ambsarajevo.esteri.it\/bs\/wp-json\/wp\/v2\/users\/1"}],"replies":[{"embeddable":true,"href":"https:\/\/ambsarajevo.esteri.it\/bs\/wp-json\/wp\/v2\/comments?post=153"}],"version-history":[{"count":0,"href":"https:\/\/ambsarajevo.esteri.it\/bs\/wp-json\/wp\/v2\/pages\/153\/revisions"}],"wp:attachment":[{"href":"https:\/\/ambsarajevo.esteri.it\/bs\/wp-json\/wp\/v2\/media?parent=153"}],"curies":[{"name":"wp","href":"https:\/\/api.w.org\/{rel}","templated":true}]}}