{"id":146,"date":"2023-04-11T18:08:31","date_gmt":"2023-04-11T16:08:31","guid":{"rendered":"https:\/\/ambsarajevo.esteri.it\/chi-siamo\/la-rete-consolare\/"},"modified":"2023-07-18T15:54:11","modified_gmt":"2023-07-18T13:54:11","slug":"la-rete-consolare","status":"publish","type":"page","link":"https:\/\/ambsarajevo.esteri.it\/bs\/chi-siamo\/la-rete-consolare\/","title":{"rendered":"Konzularna mre\u017ea"},"content":{"rendered":"<p>U Bosni i Hercegovini nema Konzulata Italije. Konzularne usluge pru\u017ea Konzularni ured Ambasade u Sarajevu, nadle\u017ean za cijeli teritorij dr\u017eave.<\/p>\n","protected":false},"excerpt":{"rendered":"U Bosni i Hercegovini nema Konzulata Italije. Konzularne usluge pru\u017ea Konzularni ured Ambasade u Sarajevu, nadle\u017ean za cijeli teritorij dr\u017eave.","protected":false},"author":1,"featured_media":0,"parent":133,"menu_order":8,"comment_status":"closed","ping_status":"closed","template":"","meta":{"footnotes":""},"class_list":["post-146","page","type-page","status-publish","hentry"],"_links":{"self":[{"href":"https:\/\/ambsarajevo.esteri.it\/bs\/wp-json\/wp\/v2\/pages\/146","targetHints":{"allow":["GET"]}}],"collection":[{"href":"https:\/\/ambsarajevo.esteri.it\/bs\/wp-json\/wp\/v2\/pages"}],"about":[{"href":"https:\/\/ambsarajevo.esteri.it\/bs\/wp-json\/wp\/v2\/types\/page"}],"author":[{"embeddable":true,"href":"https:\/\/ambsarajevo.esteri.it\/bs\/wp-json\/wp\/v2\/users\/1"}],"replies":[{"embeddable":true,"href":"https:\/\/ambsarajevo.esteri.it\/bs\/wp-json\/wp\/v2\/comments?post=146"}],"version-history":[{"count":0,"href":"https:\/\/ambsarajevo.esteri.it\/bs\/wp-json\/wp\/v2\/pages\/146\/revisions"}],"up":[{"embeddable":true,"href":"https:\/\/ambsarajevo.esteri.it\/bs\/wp-json\/wp\/v2\/pages\/133"}],"wp:attachment":[{"href":"https:\/\/ambsarajevo.esteri.it\/bs\/wp-json\/wp\/v2\/media?parent=146"}],"curies":[{"name":"wp","href":"https:\/\/api.w.org\/{rel}","templated":true}]}}