{"id":145,"date":"2023-04-11T18:07:19","date_gmt":"2023-04-11T16:07:19","guid":{"rendered":"https:\/\/ambsarajevo.esteri.it\/chi-siamo\/numeri-di-emergenza\/"},"modified":"2024-10-17T17:02:57","modified_gmt":"2024-10-17T15:02:57","slug":"numeri-di-emergenza","status":"publish","type":"page","link":"https:\/\/ambsarajevo.esteri.it\/bs\/chi-siamo\/numeri-di-emergenza\/","title":{"rendered":"Brojevi za hitne slu\u010dajeve"},"content":{"rendered":"<div class=\"entry-content\">\n<div class=\"entry-content\">\n<p>Molimo Vas da se isklju\u010divo u slu\u010daju stvarne potrebe obratite na sljede\u0107i broj hitne slu\u017ebe Ambasade Italije u Bosni i Hercegovini:<\/p>\n<p>0038761130246<\/p>\n<p>&nbsp;<\/p>\n<p>Korisne informacije:<\/p>\n<p><strong>U zemlji<\/strong><\/p>\n<p><strong>Policija: 122<\/strong><\/p>\n<p>i\/ili<br \/>\nSarajevo +387 33 286700<br \/>\nMostar +387 36 383111<br \/>\nBanja Luka +387 51 331262<br \/>\nBiha\u0107 +387 37 223223<br \/>\nTuzla +387 35 255514<br \/>\nKonjic +387 36 726215<\/p>\n<p>&nbsp;<\/p>\n<p><strong>Vatrogasna jedinica: 123<\/strong><\/p>\n<p>Sarajevo i \u0161irom Bosne i Hercegovine +387 33 123<\/p>\n<p>&nbsp;<\/p>\n<p><strong>Operativni centri Civilne za\u0161tite: 121<\/strong><\/p>\n<p>&nbsp;<\/p>\n<p><strong>Hitna pomo\u0107 Sarajevo i \u0161irom Bosne i Hercegovine: 124<\/strong><\/p>\n<p>i\/ili<br \/>\nTel.: +387 33 611111<\/p>\n<p>&nbsp;<\/p>\n<p><strong>Bolnice:<\/strong><br \/>\n<strong>Sarajevo<\/strong><br \/>\n<strong>Klini\u010dki centar Univerziteta u Sarajevu (Klini\u010dki centar Univerziteta u Sarajevu)<\/strong><br \/>\nBolni\u010dka 25, 71000 Sarajevo<br \/>\nTel.: +387 33 297000, 443097, VIP +387 33 445522<br \/>\nFax: + 387 33 265910<br \/>\nEmail: info@kcus.net<\/p>\n<p><strong>Dr\u017eavna bolnica Sarajevo \u201cGlavni doktor dr. Abdulah Naka\u0161\u201d<\/strong><br \/>\nKranj\u010devi\u0107eva br.12 \u2013 71000 Sarajevo<br \/>\nTel: +387 033 285100<br \/>\nFax: +387 033 285370<br \/>\nWeb stranica: www.obs.ba<br \/>\nE-mail: info@obs.ba<\/p>\n<p><strong>Mostar<\/strong><br \/>\n<strong>Regionalni medicinski centar (Regionalni medicinski centar \u201cDr. Safet Muji\u0107\u201d)<\/strong><br \/>\nMar\u0161ala Tita 294 \u2013 88000 Mostar<br \/>\nTel. +387 36 503300<br \/>\nFax + 387 36 576915<br \/>\nEmail: protokol@kbmostar.ba<\/p>\n<p><strong>Univerzitetski klini\u010dki centar (Sveu\u010dilisna klini\u010dka bolnica Mostar)<\/strong><br \/>\nKralja Tvrtka bb \u2013 88000 Mostar<br \/>\nTel. +387 36 336000<br \/>\nFax + 387 36 322712<br \/>\nWeb stranica: www.skbm.ba<br \/>\nEmail: ravnateljstvo@skbm.ba<\/p>\n<p><strong>Hitna pomo\u0107 Mostar<\/strong><br \/>\nHrvatskih tubitelja bb \u2013 88000 Mostar<br \/>\nTel.: +387 36 315487<\/p>\n<p><strong>Tuzla<\/strong><br \/>\n<strong>Univerzitetski klini\u010dki centar (Univerzitetski Klini\u010dki Centar Tuzla)<\/strong><br \/>\nTrnovac bb \u2013 75000 Tuzla<br \/>\nTel. +387 35 303 500<br \/>\nFax + 387 35 303500, 250474<br \/>\nWeb stranica: www.ukctuzla.ba<br \/>\nEmail: info@ukctuzla.ba<\/p>\n<p><strong>Hitna pomo\u0107 Tuzla<\/strong><br \/>\nHitna tel. +387 35 368411<\/p>\n<p><strong>Banja Luka<\/strong><br \/>\nKlini\u010dki centar (Dom Zdravlja)<br \/>\nZdrave Korde 4, 78000 Banja Luka<br \/>\nTel. +387 51 247 333<\/p>\n<p><strong>Hitna pomo\u0107 Banja Luka<\/strong><br \/>\n+387 51 230610<\/p>\n<p><strong>Pomo\u0107 na putu:<\/strong><br \/>\n<strong>BIHAMK<\/strong><br \/>\nTel. u cijeloj Bosni +387 33 1282<br \/>\nTel. Sarajevo +387 33 282100<br \/>\nMob. +387 62 090080 (sms)<\/p>\n<\/div>\n<\/div>\n","protected":false},"excerpt":{"rendered":"Molimo Vas da se isklju\u010divo u slu\u010daju stvarne potrebe obratite na sljede\u0107i broj hitne slu\u017ebe Ambasade Italije u Bosni i Hercegovini: 0038761130246 &nbsp; Korisne informacije: U zemlji Policija: 122 i\/ili Sarajevo +387 33 286700 Mostar +387 36 383111 Banja Luka +387 51 331262 Biha\u0107 +387 37 223223 Tuzla +387 35 255514 Konjic +387 36 726215 [&hellip;]","protected":false},"author":1,"featured_media":0,"parent":133,"menu_order":6,"comment_status":"closed","ping_status":"closed","template":"","meta":{"footnotes":""},"class_list":["post-145","page","type-page","status-publish","hentry"],"_links":{"self":[{"href":"https:\/\/ambsarajevo.esteri.it\/bs\/wp-json\/wp\/v2\/pages\/145","targetHints":{"allow":["GET"]}}],"collection":[{"href":"https:\/\/ambsarajevo.esteri.it\/bs\/wp-json\/wp\/v2\/pages"}],"about":[{"href":"https:\/\/ambsarajevo.esteri.it\/bs\/wp-json\/wp\/v2\/types\/page"}],"author":[{"embeddable":true,"href":"https:\/\/ambsarajevo.esteri.it\/bs\/wp-json\/wp\/v2\/users\/1"}],"replies":[{"embeddable":true,"href":"https:\/\/ambsarajevo.esteri.it\/bs\/wp-json\/wp\/v2\/comments?post=145"}],"version-history":[{"count":2,"href":"https:\/\/ambsarajevo.esteri.it\/bs\/wp-json\/wp\/v2\/pages\/145\/revisions"}],"predecessor-version":[{"id":4704,"href":"https:\/\/ambsarajevo.esteri.it\/bs\/wp-json\/wp\/v2\/pages\/145\/revisions\/4704"}],"up":[{"embeddable":true,"href":"https:\/\/ambsarajevo.esteri.it\/bs\/wp-json\/wp\/v2\/pages\/133"}],"wp:attachment":[{"href":"https:\/\/ambsarajevo.esteri.it\/bs\/wp-json\/wp\/v2\/media?parent=145"}],"curies":[{"name":"wp","href":"https:\/\/api.w.org\/{rel}","templated":true}]}}