{"id":144,"date":"2023-04-11T18:01:19","date_gmt":"2023-04-11T16:01:19","guid":{"rendered":"https:\/\/ambsarajevo.esteri.it\/chi-siamo\/gli-uffici\/"},"modified":"2026-03-05T15:58:11","modified_gmt":"2026-03-05T13:58:11","slug":"gli-uffici","status":"publish","type":"page","link":"https:\/\/ambsarajevo.esteri.it\/bs\/chi-siamo\/gli-uffici\/","title":{"rendered":"Kancelarije"},"content":{"rendered":"<p><strong>Prvi Sekretar Riccardo RIGHELLI<br \/>\n<\/strong><\/p>\n<p>Zamjenik \u0161efa Misije \/ \u0160ef konzularnog ureda \/ \u0160ef politi\u010dkog ureda<\/p>\n<p>&nbsp;<\/p>\n<p><strong>Drugi Sekretar Giuseppina SALZANO<\/strong><\/p>\n<p>\u0160ef komercijalnog ureda \/ \u0160ef kulturnog ureda<\/p>\n<p>&nbsp;<\/p>\n<p><strong>g\u0111a Rosaria RINAUDO<\/strong><\/p>\n<p>\u0160efa administrativnog ureda<\/p>\n<p>&nbsp;<\/p>\n<p><strong>Col. a.(ter.) s.SM Stefano GIRIBONO<\/strong><\/p>\n<p>Vojni ata\u0161e (U Beogradu)<\/p>\n<p>&nbsp;<\/p>\n<p><strong>g\u0111a Marilena Procaccio<\/strong><\/p>\n<p>Direktorica Ureda ICE (U Zagrebu)<\/p>\n<p>&nbsp;<\/p>\n<p><strong>g\u0111a<\/strong><strong>\u00a0Letizia Fischioni<\/strong><\/p>\n<p>Direktorica Ureda AICS (U Tirani)<\/p>\n<p>&nbsp;<\/p>\n","protected":false},"excerpt":{"rendered":"Prvi Sekretar Riccardo RIGHELLI Zamjenik \u0161efa Misije \/ \u0160ef konzularnog ureda \/ \u0160ef politi\u010dkog ureda &nbsp; Drugi Sekretar Giuseppina SALZANO \u0160ef komercijalnog ureda \/ \u0160ef kulturnog ureda &nbsp; g\u0111a Rosaria RINAUDO \u0160efa administrativnog ureda &nbsp; Col. a.(ter.) s.SM Stefano GIRIBONO Vojni ata\u0161e (U Beogradu) &nbsp; g\u0111a Marilena Procaccio Direktorica Ureda ICE (U Zagrebu) &nbsp; g\u0111a\u00a0Letizia [&hellip;]","protected":false},"author":1,"featured_media":0,"parent":133,"menu_order":4,"comment_status":"closed","ping_status":"closed","template":"","meta":{"footnotes":""},"class_list":["post-144","page","type-page","status-publish","hentry"],"_links":{"self":[{"href":"https:\/\/ambsarajevo.esteri.it\/bs\/wp-json\/wp\/v2\/pages\/144","targetHints":{"allow":["GET"]}}],"collection":[{"href":"https:\/\/ambsarajevo.esteri.it\/bs\/wp-json\/wp\/v2\/pages"}],"about":[{"href":"https:\/\/ambsarajevo.esteri.it\/bs\/wp-json\/wp\/v2\/types\/page"}],"author":[{"embeddable":true,"href":"https:\/\/ambsarajevo.esteri.it\/bs\/wp-json\/wp\/v2\/users\/1"}],"replies":[{"embeddable":true,"href":"https:\/\/ambsarajevo.esteri.it\/bs\/wp-json\/wp\/v2\/comments?post=144"}],"version-history":[{"count":6,"href":"https:\/\/ambsarajevo.esteri.it\/bs\/wp-json\/wp\/v2\/pages\/144\/revisions"}],"predecessor-version":[{"id":7573,"href":"https:\/\/ambsarajevo.esteri.it\/bs\/wp-json\/wp\/v2\/pages\/144\/revisions\/7573"}],"up":[{"embeddable":true,"href":"https:\/\/ambsarajevo.esteri.it\/bs\/wp-json\/wp\/v2\/pages\/133"}],"wp:attachment":[{"href":"https:\/\/ambsarajevo.esteri.it\/bs\/wp-json\/wp\/v2\/media?parent=144"}],"curies":[{"name":"wp","href":"https:\/\/api.w.org\/{rel}","templated":true}]}}