{"id":143,"date":"2023-04-11T17:55:33","date_gmt":"2023-04-11T15:55:33","guid":{"rendered":"https:\/\/ambsarajevo.esteri.it\/chi-siamo\/la-sede\/"},"modified":"2024-10-17T17:29:29","modified_gmt":"2024-10-17T15:29:29","slug":"la-sede","status":"publish","type":"page","link":"https:\/\/ambsarajevo.esteri.it\/bs\/chi-siamo\/la-sede\/","title":{"rendered":"\u0160tab"},"content":{"rendered":"<p>Sjedi\u0161te Ambasade je udaljeno nekoliko minuta od centra grada.<\/p>\n<p>Postoje tri odvojena ulaza:<\/p>\n<p>1)<strong> Konzularni i Vizni odjel:<\/strong><br \/>\nRizaha \u0160teti\u0107a 4-6 (pristup sa stra\u017enje strane Ambasade)<br \/>\n71000 Sarajevo<\/p>\n<p>2) <strong>Sekretarijat ambasadora, Politi\u010dki, Ekonomsko-trgovinski odjel, Odjel za \u0161tampu, Odjel za kulturu i ICE:<\/strong><br \/>\n\u010cekalu\u0161a 39<br \/>\n71000 Sarajevo<\/p>\n<p>&nbsp;<\/p>\n","protected":false},"excerpt":{"rendered":"Sjedi\u0161te Ambasade je udaljeno nekoliko minuta od centra grada. Postoje tri odvojena ulaza: 1) Konzularni i Vizni odjel: Rizaha \u0160teti\u0107a 4-6 (pristup sa stra\u017enje strane Ambasade) 71000 Sarajevo 2) Sekretarijat ambasadora, Politi\u010dki, Ekonomsko-trgovinski odjel, Odjel za \u0161tampu, Odjel za kulturu i ICE: \u010cekalu\u0161a 39 71000 Sarajevo &nbsp;","protected":false},"author":1,"featured_media":0,"parent":133,"menu_order":2,"comment_status":"closed","ping_status":"closed","template":"","meta":{"footnotes":""},"class_list":["post-143","page","type-page","status-publish","hentry"],"_links":{"self":[{"href":"https:\/\/ambsarajevo.esteri.it\/bs\/wp-json\/wp\/v2\/pages\/143","targetHints":{"allow":["GET"]}}],"collection":[{"href":"https:\/\/ambsarajevo.esteri.it\/bs\/wp-json\/wp\/v2\/pages"}],"about":[{"href":"https:\/\/ambsarajevo.esteri.it\/bs\/wp-json\/wp\/v2\/types\/page"}],"author":[{"embeddable":true,"href":"https:\/\/ambsarajevo.esteri.it\/bs\/wp-json\/wp\/v2\/users\/1"}],"replies":[{"embeddable":true,"href":"https:\/\/ambsarajevo.esteri.it\/bs\/wp-json\/wp\/v2\/comments?post=143"}],"version-history":[{"count":1,"href":"https:\/\/ambsarajevo.esteri.it\/bs\/wp-json\/wp\/v2\/pages\/143\/revisions"}],"predecessor-version":[{"id":4718,"href":"https:\/\/ambsarajevo.esteri.it\/bs\/wp-json\/wp\/v2\/pages\/143\/revisions\/4718"}],"up":[{"embeddable":true,"href":"https:\/\/ambsarajevo.esteri.it\/bs\/wp-json\/wp\/v2\/pages\/133"}],"wp:attachment":[{"href":"https:\/\/ambsarajevo.esteri.it\/bs\/wp-json\/wp\/v2\/media?parent=143"}],"curies":[{"name":"wp","href":"https:\/\/api.w.org\/{rel}","templated":true}]}}