{"id":141,"date":"2023-04-11T17:53:01","date_gmt":"2023-04-11T15:53:01","guid":{"rendered":"https:\/\/ambsarajevo.esteri.it\/chi-siamo\/lambasciatore\/"},"modified":"2025-07-29T12:08:35","modified_gmt":"2025-07-29T10:08:35","slug":"lambasciatore","status":"publish","type":"page","link":"https:\/\/ambsarajevo.esteri.it\/bs\/chi-siamo\/lambasciatore\/","title":{"rendered":"Ambasadorica"},"content":{"rendered":"<p style=\"text-align: justify;\">Sarah Eti Castellani ro\u0111ena je u Milanu 23. aprila 1975. godine. Diplomirala je politi\u010dke nauke na Univerzitetu u Milanu 5. marta 2001. godine.<\/p>\n<p style=\"text-align: justify;\">Diplomatsku karijeru zapo\u010dela je 23. decembra 2002. godine. Nakon stru\u010dnog usavr\u0161avanja na \u201cIstituto Diplomatico\u201d, 2003. godine radi u Generalnom sekretarijatu, Jedinici za analizu i programiranje, a potom u biv\u0161oj Generalnoj direkciji za zemlje Azije, Okeanije, Pacifika i Antarktika, gdje se bavi zemljama sjeveroisto\u010dne Azije. Od 2005. godine radi u Sekretarijatu iste Generalne direkcije.<\/p>\n<p style=\"text-align: justify;\">Od 2007. godine obavlja svoju prvu du\u017enost u inostranstvu kao Prvi sekretar u New Delhiju. Od 2010. godine radi u Generalnom konzulatu u Londonu, gdje je 2013. godine unaprije\u0111ena u Savjetnika.<\/p>\n<p style=\"text-align: justify;\">Nakon \u0161to se vratila u Rim u aprilu 2015. godine, odgovara direktno Generalnom direktoru za administraciju, IT i komunikacije. Nakon zavr\u0161enog stru\u010dnog usavr\u0161avanja za Savjetnika, 2017. godine imenovana je za obavljanje funkcije \u0161efa VIII ureda iste Generalne direkcije, odgovorne za digitalizaciju aplikacija Ministarstva vanjskih poslova Italije i usluga sunarodnicima u inostranstvu, kao i za aspekte cyber sigurnosti. Zatim je postala \u0161ef tog ureda nakon unapre\u0111enja u Savjetnika ambasade u julu 2019.<\/p>\n<p style=\"text-align: justify;\">Od 14. jula 2021. bila je zamjenica \u0161efa misije u Ambasadi Italije u Tel Avivu.<\/p>\n<p style=\"text-align: justify;\">Nakon imenovanja od strane Vije\u0107a ministara, 28. oktobra 2024. godine preuzela je funkciju ambasadorice Italije u Sarajevu.<\/p>\n<p style=\"text-align: justify;\">Godine 2018. dodijeljeno joj je zvanje Reda viteza za zasluge za Republiku Italiju.<\/p>\n<p>&nbsp;<\/p>\n","protected":false},"excerpt":{"rendered":"Sarah Eti Castellani ro\u0111ena je u Milanu 23. aprila 1975. godine. Diplomirala je politi\u010dke nauke na Univerzitetu u Milanu 5. marta 2001. godine. Diplomatsku karijeru zapo\u010dela je 23. decembra 2002. godine. Nakon stru\u010dnog usavr\u0161avanja na \u201cIstituto Diplomatico\u201d, 2003. godine radi u Generalnom sekretarijatu, Jedinici za analizu i programiranje, a potom u biv\u0161oj Generalnoj direkciji za [&hellip;]","protected":false},"author":1,"featured_media":5181,"parent":133,"menu_order":0,"comment_status":"closed","ping_status":"closed","template":"","meta":{"footnotes":""},"class_list":["post-141","page","type-page","status-publish","has-post-thumbnail","hentry"],"_links":{"self":[{"href":"https:\/\/ambsarajevo.esteri.it\/bs\/wp-json\/wp\/v2\/pages\/141","targetHints":{"allow":["GET"]}}],"collection":[{"href":"https:\/\/ambsarajevo.esteri.it\/bs\/wp-json\/wp\/v2\/pages"}],"about":[{"href":"https:\/\/ambsarajevo.esteri.it\/bs\/wp-json\/wp\/v2\/types\/page"}],"author":[{"embeddable":true,"href":"https:\/\/ambsarajevo.esteri.it\/bs\/wp-json\/wp\/v2\/users\/1"}],"replies":[{"embeddable":true,"href":"https:\/\/ambsarajevo.esteri.it\/bs\/wp-json\/wp\/v2\/comments?post=141"}],"version-history":[{"count":3,"href":"https:\/\/ambsarajevo.esteri.it\/bs\/wp-json\/wp\/v2\/pages\/141\/revisions"}],"predecessor-version":[{"id":6369,"href":"https:\/\/ambsarajevo.esteri.it\/bs\/wp-json\/wp\/v2\/pages\/141\/revisions\/6369"}],"up":[{"embeddable":true,"href":"https:\/\/ambsarajevo.esteri.it\/bs\/wp-json\/wp\/v2\/pages\/133"}],"wp:featuredmedia":[{"embeddable":true,"href":"https:\/\/ambsarajevo.esteri.it\/bs\/wp-json\/wp\/v2\/media\/5181"}],"wp:attachment":[{"href":"https:\/\/ambsarajevo.esteri.it\/bs\/wp-json\/wp\/v2\/media?parent=141"}],"curies":[{"name":"wp","href":"https:\/\/api.w.org\/{rel}","templated":true}]}}