{"id":133,"date":"2023-04-11T17:07:36","date_gmt":"2023-04-11T15:07:36","guid":{"rendered":"https:\/\/ambsarajevo.esteri.it\/chi-siamo\/"},"modified":"2023-08-08T16:56:06","modified_gmt":"2023-08-08T14:56:06","slug":"chi-siamo","status":"publish","type":"page","link":"https:\/\/ambsarajevo.esteri.it\/bs\/chi-siamo\/","title":{"rendered":"Ko smo"},"content":{"rendered":"<p>Italija je bila me\u0111u prvim \u010dlanicama me\u0111unarodne zajednice koja je uspostavila diplomatske odnose sa Bosnom i Hercegovinom.<\/p>\n<p>1.februara 1993. tada\u0161nji ministar vanjskih poslova Italije, g. Emilio Colombo susreo se sa bosanskohercegova\u010dkim kolegom Harisom Silajd\u017ei\u0107em, s kojim se &#8220;dogovara, na osnovu ve\u0107 obavljenog priznavanja, da se pokrene procedura za uspostavljanje diplomatskih odnosa&#8221;.<\/p>\n<p>Ministar Colombo boravio je 3. februara 1993. godine u slu\u017ebenoj posjeti Bosni i Hercegovini, Sarajevu, &#8220;nakon uspostavljanja diplomatskih odnosa izme\u0111u Rima i Sarajeva&#8221;. Tom prilikom je potvrdio &#8220;odluku Italije da se ubrzo imenuje prvi ambasador u Bosni i Hercegovini&#8221;.<\/p>\n<p>U aprilu 1994. Italija je bila prisutna u Bosni i Hercegovini sa prvim diplomatskim predstavni\u0161tvom (u obliku Specijalnog diplomatskog predstavni\u0161tva).<\/p>\n<p>Italijanska ambasada sve\u010dano je otvorena u Sarajevu 6. novembra 1996. godine.<\/p>\n<p>Osim Ambasade, u Sarajevu postoji ured Instituta za vanjsku trgovinu (ICE), antena Podru\u010dnog ureda Zagreb, ured Italijanske agencije za razvojnu saradnju (AICS), antena regionalnog ureda Tirana, i kancelarija za vezu Ministarstva unutra\u0161njih poslova\/INTERPOL-a.<\/p>\n","protected":false},"excerpt":{"rendered":"Italija je bila me\u0111u prvim \u010dlanicama me\u0111unarodne zajednice koja je uspostavila diplomatske odnose sa Bosnom i Hercegovinom. 1.februara 1993. tada\u0161nji ministar vanjskih poslova Italije, g. Emilio Colombo susreo se sa bosanskohercegova\u010dkim kolegom Harisom Silajd\u017ei\u0107em, s kojim se &#8220;dogovara, na osnovu ve\u0107 obavljenog priznavanja, da se pokrene procedura za uspostavljanje diplomatskih odnosa&#8221;. Ministar Colombo boravio je [&hellip;]","protected":false},"author":1,"featured_media":0,"parent":0,"menu_order":2,"comment_status":"closed","ping_status":"closed","template":"","meta":{"footnotes":""},"class_list":["post-133","page","type-page","status-publish","hentry"],"_links":{"self":[{"href":"https:\/\/ambsarajevo.esteri.it\/bs\/wp-json\/wp\/v2\/pages\/133","targetHints":{"allow":["GET"]}}],"collection":[{"href":"https:\/\/ambsarajevo.esteri.it\/bs\/wp-json\/wp\/v2\/pages"}],"about":[{"href":"https:\/\/ambsarajevo.esteri.it\/bs\/wp-json\/wp\/v2\/types\/page"}],"author":[{"embeddable":true,"href":"https:\/\/ambsarajevo.esteri.it\/bs\/wp-json\/wp\/v2\/users\/1"}],"replies":[{"embeddable":true,"href":"https:\/\/ambsarajevo.esteri.it\/bs\/wp-json\/wp\/v2\/comments?post=133"}],"version-history":[{"count":0,"href":"https:\/\/ambsarajevo.esteri.it\/bs\/wp-json\/wp\/v2\/pages\/133\/revisions"}],"wp:attachment":[{"href":"https:\/\/ambsarajevo.esteri.it\/bs\/wp-json\/wp\/v2\/media?parent=133"}],"curies":[{"name":"wp","href":"https:\/\/api.w.org\/{rel}","templated":true}]}}