{"id":1071,"date":"2023-08-10T10:55:30","date_gmt":"2023-08-10T08:55:30","guid":{"rendered":"https:\/\/ambsarajevo.esteri.it\/italia-e-bosnia-erzegovina\/diplomazia-culturale\/studiare-in-italia\/borse-di-studio\/"},"modified":"2024-10-14T12:28:11","modified_gmt":"2024-10-14T10:28:11","slug":"borse-di-studio","status":"publish","type":"page","link":"https:\/\/ambsarajevo.esteri.it\/bs\/italia-e-bosnia-erzegovina\/diplomazia-culturale\/studiare-in-italia\/borse-di-studio\/","title":{"rendered":"Stipendije"},"content":{"rendered":"<p>Ministarstvo vanjskih poslova i me\u0111unarodne saradnje (MAECI) na godi\u0161njoj osnovi nudi stipendije u korist inostranih studenata i italijanskih, s trajnim prebivali\u0161tem u inostranstvu, u cilju pospje\u0161enja \u00a0suradnje u domenu kulture, nauke i tehnologije, promoviranja ekonomskog sistema Italije u svijetu i difuzije poznavanja italijanskog jezika i kulture. Kandidati mogu podnijeti zahtjev isklju\u010divo putem portala \u00a0<a href=\"https:\/\/studyinitaly.esteri.it\/\"><strong>\u201cStudy in Italy\u201d<\/strong><\/a>.<\/p>\n<p>Konkurs i spisak zemalja-korisnica, dostupni su na sljede\u0107oj <a href=\"https:\/\/studyinitaly.esteri.it\/ListaBandi\">stranici<\/a>.<\/p>\n<p>Osim stipendija koje nudi MAECI, pojedina\u010dno, italijanske institucije, nude stipendije koje se redovno objavljuju na na\u0161oj stranici u odjeljku Novosti.<\/p>\n<p>&nbsp;<\/p>\n<p>Detaljnije:<\/p>\n<p><a href=\"https:\/\/www.esteri.it\/it\/opportunita\/borse-di-studio\/per-cittadini-stranieri\/borsestudio_stranieri\/\">Stipendije Vlade Italije za inostrane studente i italijanske studente sa stalnim prebivali\u0161tem u inostranstvu (IRE)<\/a><\/p>\n","protected":false},"excerpt":{"rendered":"Ministarstvo vanjskih poslova i me\u0111unarodne saradnje (MAECI) na godi\u0161njoj osnovi nudi stipendije u korist inostranih studenata i italijanskih, s trajnim prebivali\u0161tem u inostranstvu, u cilju pospje\u0161enja \u00a0suradnje u domenu kulture, nauke i tehnologije, promoviranja ekonomskog sistema Italije u svijetu i difuzije poznavanja italijanskog jezika i kulture. Kandidati mogu podnijeti zahtjev isklju\u010divo putem portala \u00a0\u201cStudy in [&hellip;]","protected":false},"author":8,"featured_media":0,"parent":175,"menu_order":2,"comment_status":"closed","ping_status":"closed","template":"","meta":{"footnotes":""},"class_list":["post-1071","page","type-page","status-publish","hentry"],"_links":{"self":[{"href":"https:\/\/ambsarajevo.esteri.it\/bs\/wp-json\/wp\/v2\/pages\/1071","targetHints":{"allow":["GET"]}}],"collection":[{"href":"https:\/\/ambsarajevo.esteri.it\/bs\/wp-json\/wp\/v2\/pages"}],"about":[{"href":"https:\/\/ambsarajevo.esteri.it\/bs\/wp-json\/wp\/v2\/types\/page"}],"author":[{"embeddable":true,"href":"https:\/\/ambsarajevo.esteri.it\/bs\/wp-json\/wp\/v2\/users\/8"}],"replies":[{"embeddable":true,"href":"https:\/\/ambsarajevo.esteri.it\/bs\/wp-json\/wp\/v2\/comments?post=1071"}],"version-history":[{"count":2,"href":"https:\/\/ambsarajevo.esteri.it\/bs\/wp-json\/wp\/v2\/pages\/1071\/revisions"}],"predecessor-version":[{"id":4658,"href":"https:\/\/ambsarajevo.esteri.it\/bs\/wp-json\/wp\/v2\/pages\/1071\/revisions\/4658"}],"up":[{"embeddable":true,"href":"https:\/\/ambsarajevo.esteri.it\/bs\/wp-json\/wp\/v2\/pages\/175"}],"wp:attachment":[{"href":"https:\/\/ambsarajevo.esteri.it\/bs\/wp-json\/wp\/v2\/media?parent=1071"}],"curies":[{"name":"wp","href":"https:\/\/api.w.org\/{rel}","templated":true}]}}